{"id":13036,"date":"2017-06-21T13:58:26","date_gmt":"2017-06-21T11:58:26","guid":{"rendered":"https:\/\/www.polycliniqueplus.com\/den-plastischen-chirurgen-auswaehlen\/"},"modified":"2023-01-12T14:20:41","modified_gmt":"2023-01-12T13:20:41","slug":"plastischer-chirurg-waehlen","status":"publish","type":"page","link":"https:\/\/www.polycliniqueplus.com\/de\/plastischer-chirurg-waehlen\/","title":{"rendered":"Den plastischen Chirurgen ausw\u00e4hlen"},"content":{"rendered":"\t\t<div data-elementor-type=\"wp-page\" data-elementor-id=\"13036\" class=\"elementor elementor-13036 elementor-509\" data-elementor-settings=\"{&quot;ha_cmc_init_switcher&quot;:&quot;no&quot;}\">\n\t\t\t\t\t\t<section class=\"elementor-section elementor-top-section elementor-element elementor-element-e6ab50c elementor-section-boxed elementor-section-height-default elementor-section-height-default\" data-id=\"e6ab50c\" data-element_type=\"section\" data-settings=\"{&quot;_ha_eqh_enable&quot;:false}\">\n\t\t\t\t\t\t<div class=\"elementor-container elementor-column-gap-default\">\n\t\t\t\t\t<div class=\"elementor-column elementor-col-100 elementor-top-column elementor-element elementor-element-8ab40cd\" data-id=\"8ab40cd\" data-element_type=\"column\">\n\t\t\t<div class=\"elementor-widget-wrap elementor-element-populated\">\n\t\t\t\t\t\t<div class=\"elementor-element elementor-element-8063d37 elementor-widget elementor-widget-text-editor\" data-id=\"8063d37\" data-element_type=\"widget\" data-widget_type=\"text-editor.default\">\n\t\t\t\t<div class=\"elementor-widget-container\">\n\t\t\t\t\t\t\tBevor Sie einem <strong>Sch\u00f6nheitschirurgen<\/strong> vertrauen, vergewissern Sie sich, dass er qualifiziert ist, schauen Sie sich Vorher-Nachher-Fotos von ihren Patienten an und treffen Sie ihn f\u00fcr eine Beratung, entweder pers\u00f6nlich, am Telefon oder \u00fcber Skype, wenn er nicht in Ihrer N\u00e4he ist.\n\n\t\t\t\t\t\t<\/div>\n\t\t\t\t<\/div>\n\t\t\t\t<div class=\"elementor-element elementor-element-d3f14f7 elementor-widget elementor-widget-text-editor\" data-id=\"d3f14f7\" data-element_type=\"widget\" data-widget_type=\"text-editor.default\">\n\t\t\t\t<div class=\"elementor-widget-container\">\n\t\t\t\t\t\t\t<p>Wir empfehlen, mindestens drei Chirurgen zu konsultieren, damit Sie deren Antworten und Ans\u00e4tze vergleichen k\u00f6nnen. Verwenden Sie diese Liste der wichtigsten Fragen bei Ihren Terminen, um das umfassendste Bild ihrer Erfahrungen, Qualifikationen und was Sie erwarten k\u00f6nnen, wenn Sie sie w\u00e4hlen, zu erhalten.<\/p>\n\t\t\t\t\t\t<\/div>\n\t\t\t\t<\/div>\n\t\t\t\t\t<\/div>\n\t\t<\/div>\n\t\t\t\t\t<\/div>\n\t\t<\/section>\n\t\t\t\t<section class=\"elementor-section elementor-top-section elementor-element elementor-element-00b4399 elementor-section-boxed elementor-section-height-default elementor-section-height-default\" data-id=\"00b4399\" data-element_type=\"section\" data-settings=\"{&quot;background_background&quot;:&quot;classic&quot;,&quot;_ha_eqh_enable&quot;:false}\">\n\t\t\t\t\t\t<div class=\"elementor-container elementor-column-gap-default\">\n\t\t\t\t\t<div class=\"elementor-column elementor-col-100 elementor-top-column elementor-element elementor-element-86c8090\" data-id=\"86c8090\" data-element_type=\"column\">\n\t\t\t<div class=\"elementor-widget-wrap elementor-element-populated\">\n\t\t\t\t\t\t<div class=\"elementor-element elementor-element-079a770 elementor-widget elementor-widget-text-editor\" data-id=\"079a770\" data-element_type=\"widget\" data-widget_type=\"text-editor.default\">\n\t\t\t\t<div class=\"elementor-widget-container\">\n\t\t\t\t\t\t\t<style>\r\nhtml body a.whatsapp-button {\r\n    display: inline-block;\r\n    background-color: #25D366;\r\n    font-size: 16px;\r\n    font-weight: bold;\r\n    padding: 12px 20px;\r\n    text-align: center;\r\n    text-decoration: none;\r\n    border-radius: 5px;\r\n    box-shadow: 0 4px 6px rgba(0, 0, 0, 0.1);\r\n    transition: background-color 0.3s ease, transform 0.2s ease;\r\n    color: white!important;\r\n}\r\n\r\n.whatsapp-button:hover {\r\n    background-color: #1EBE54;\r\n    transform: translateY(-2px);\r\n}\r\n\r\n.whatsapp-button:active {\r\n    transform: translateY(0);\r\n}\r\n\r\n.align_center {\r\n    display: block;\r\n    text-align: center;\r\n    padding: 30px 0px;\r\n}\r\n\r\n<\/style>\r\n<div class=\"align_center\">\r\n<a href=\"https:\/\/api.whatsapp.com\/send?phone=+33635235712&amp;&amp;text=Hallo, ich w\u00fcrde gerne Ihre Interventionen und Preise kennenlernen!\"\r\n    class=\"whatsapp-button\" target=\"_blank\">\r\n    Klicken Sie f\u00fcr ein kostenloses Whatsapp-Angebot\r\n<\/a>\r\n<\/div>\t\t\t\t\t\t<\/div>\n\t\t\t\t<\/div>\n\t\t\t\t\t<\/div>\n\t\t<\/div>\n\t\t\t\t\t<\/div>\n\t\t<\/section>\n\t\t\t\t<section class=\"elementor-section elementor-top-section elementor-element elementor-element-c58ea9a elementor-section-boxed elementor-section-height-default elementor-section-height-default\" data-id=\"c58ea9a\" data-element_type=\"section\" data-settings=\"{&quot;_ha_eqh_enable&quot;:false}\">\n\t\t\t\t\t\t<div class=\"elementor-container elementor-column-gap-default\">\n\t\t\t\t\t<div class=\"elementor-column elementor-col-100 elementor-top-column elementor-element elementor-element-666ecaa\" data-id=\"666ecaa\" data-element_type=\"column\">\n\t\t\t<div class=\"elementor-widget-wrap elementor-element-populated\">\n\t\t\t\t\t\t<div class=\"elementor-element elementor-element-765271be elementor-widget elementor-widget-text-editor\" data-id=\"765271be\" data-element_type=\"widget\" data-widget_type=\"text-editor.default\">\n\t\t\t\t<div class=\"elementor-widget-container\">\n\t\t\t\t\t\t\t<h2>1. Sind Sie f\u00fcr die Durchf\u00fchrung dieser Operation zertifiziert?<\/h2>\n<strong>\n<a href=\"https:\/\/www.polycliniqueplus.com\/de\/chirurgen\/\">Unsere Sch\u00f6nheitschirurgen<\/a>\n<\/strong> haben die strengste Ausbildung durchlaufen, schriftliche und m\u00fcndliche Pr\u00fcfungen abgelegt und sich weiterhin an einen strengen Kodex der medizinischen Ethik gehalten.\n\nAchten Sie auch darauf, wie sie die Identifikationsinformationen ihrer Mitarbeiter und ihr Engagement f\u00fcr die Patientensicherheit beschreiben.\n<h2>2. In welcher Klinik operieren Sie?<\/h2>\nIhre Operation muss in einer Klinik durchgef\u00fchrt werden, die auf <strong>\u00e4sthetische, plastische und rekonstruktive<\/strong> Chirurgie spezialisiert ist, oder in einem akkreditierten Zentrum f\u00fcr ambulante Chirurgie, das f\u00fcr die Patientensicherheit zertifiziert wurde. Wir empfehlen Ihnen, Ihre <strong>Sch\u00f6nheitsoperation in der T\u00fcrkei in der Klinik der Hoffnung<\/strong>, der besten Sch\u00f6nheitsklinik <strong>in der T\u00fcrkei<\/strong>, durchf\u00fchren zu lassen.\n<h2>3. Wie hoch sind die Kosten f\u00fcr diese Sch\u00f6nheitsoperation?<\/h2>\nDie <strong>Preise f\u00fcr Sch\u00f6nheitsoperationen<\/strong> k\u00f6nnen je nach den verwendeten Techniken, dem Erfahrungsniveau des Chirurgen und dem Standort stark variieren. Au\u00dferdem fallen zus\u00e4tzliche Kosten f\u00fcr den OP-Raum, die An\u00e4sthesie sowie den Termin nach der Operation an.\n<h2>4. Haben Sie f\u00fcr diese Operation Krankenhausprivilegien?<\/h2>\nAuch wenn Ihre Operation in einem Zentrum f\u00fcr ambulante Chirurgie durchgef\u00fchrt wird, bedeuten Krankenhausprivilegien, dass andere \u00c4rzte ihre Ausbildung und Qualifikationen \u00fcberpr\u00fcft haben. Wenn Ihr Arzt ohne Krankenhausprivilegien arbeitet und eine Komplikation auftritt, kann es sein, dass Sie am Ende in eine Notaufnahme geschickt werden, ohne Zugang zur besten Versorgung zu haben.\n<h2>5. Wie viele Operationen haben Sie in diesem Monat durchgef\u00fchrt?<\/h2>\nW\u00e4hlen Sie einen Chirurgen, bei dessen Erfahrungsniveau Sie sich wohlf\u00fchlen, und notieren Sie, ob er der Frage nach der Anzahl der Operationen, die er jeden Monat durchf\u00fchrt, ausweicht. Manche Sch\u00f6nheitschirurgen arbeiten fast wie ein Flie\u00dfband und f\u00fchren zehn oder mehr chirurgische Eingriffe pro Tag durch, was wie ein gef\u00e4hrliches Tempo aussieht.\n<h2>6. Kann ich Vorher-Nachher-Fotos von Ihren Patienten sehen?<\/h2>\nVerlangen Sie, dass Sie Vorher-Nachher-Fotos oder aktuelle Videos sehen. Achten Sie besonders auf Patienten mit \u00e4hnlichen Merkmalen, damit Sie eine Vorstellung davon bekommen, wie Ihr Chirurg den Eingriff an Ihren K\u00f6rpertyp anpassen wird. Ihr B\u00fcro kann Ihnen sogar Kontaktinformationen f\u00fcr fr\u00fchere Patienten geben, die \u00e4hnliche Eingriffe hatten und bereit w\u00e4ren, Ihre Fragen zu beantworten.\n<h2>7. Bin ich ein guter Kandidat f\u00fcr diese Operation?<\/h2>\nSeien Sie ehrlich zu Ihrem Chirurgen, um ernsthafte Komplikationen nach Ihrer Sch\u00f6nheitsoperation in der T\u00fcrkei zu vermeiden.\n<h2>8. Was muss ich tun, um meine Operation erfolgreich durchzuf\u00fchren?<\/h2>\nIhr Arzt wird die Schritte besprechen, die Sie vor und nach der Operation unternehmen m\u00fcssen, um die besten Ergebnisse zu erzielen. K\u00f6nnen Sie mit dem Rauchen aufh\u00f6ren? K\u00f6nnen Sie Erholungstage nehmen? Andernfalls m\u00fcssen Sie Ihre Operation m\u00f6glicherweise \u00fcberdenken.\n<h2>9. Welche Risiken bestehen?<\/h2>\nBei jedem sch\u00f6nheitschirurgischen Eingriff m\u00fcssen Sie unbedingt die Vorteile und Risiken abw\u00e4gen.\n<h2>10. Welche speziellen Techniken w\u00fcrden Sie empfehlen?<\/h2>\nDer Arzt muss Sie darauf festlegen, mit welcher Technik Sie die gew\u00fcnschten Ergebnisse erzielen k\u00f6nnen. Wenn ein Arzt viel eher als andere bereit ist, in Extreme zu gehen, kann dies eine rote Flagge sein. Wenn es zu riskant ist, dass andere Ihnen sagen, was Sie wollen, sollten Sie ihre Meinung nicht au\u00dfer Acht lassen. Was wie ein kleiner chirurgischer Eingriff aussieht, kann ernsthafte Risiken bergen, und Ihre Gesundheit ist viel wichtiger als Ihr Aussehen.\n<h2>11. Welche An\u00e4sthesie w\u00e4hlen?<\/h2>\nEs gibt drei Hauptarten der An\u00e4sthesie, die w\u00e4hrend der meisten Sch\u00f6nheitsoperationen verwendet werden: die Vollnarkose, die Regionalan\u00e4sthesie und die &#8222;Lokalan\u00e4sthesie&#8220;. Mit jedem sind Vorteile und Risiken verbunden. Informieren Sie sich bei Ihrem Chirurgen.\n<h2>12. Wird die An\u00e4sthesie von einem An\u00e4sthesisten oder einer zertifizierten Pflegekraft verabreicht?<\/h2>\nIhre An\u00e4sthesie sollte immer von einem An\u00e4sthesisten verabreicht werden. Er sollte w\u00e4hrend Ihrer gesamten Operation und auch w\u00e4hrend Ihrer Genesung anwesend sein.\n<h2>13. Wer wird mich operieren?<\/h2>\nEs ist wichtig, dass Sie best\u00e4tigen, dass der Arzt, den Sie aufsuchen, derselbe sein wird, den Sie operieren. In einigen Praktiken k\u00f6nnen Sie eine Konsultation mit Ihrem Hausarzt haben, nur um an einen anderen Arzt mit unzureichenden Anmeldeinformationen und Erfahrungen weitergeleitet zu werden.\n<h2>14. Welche Qualifikationen und Erfahrungsstufen haben Ihre Pflegekr\u00e4fte?<\/h2>\nEin gutes Operationsteam (Krankenschwestern, An\u00e4sthesisten und Pfleger), das technisch versiert, autorisiert und im Bereich der Sch\u00f6nheitschirurgie erfahren ist, tr\u00e4gt dazu bei, Ihre Sicherheit zu gew\u00e4hrleisten.\n<h2>15. Gibt es nach der Operation Komplikationen?<\/h2>\nEin kompetenter und erfahrener Chirurg sollte mit Ihnen die zu erwartenden Komplikationen besprechen. Manche Fragen haben nichts mit der Kompetenz des Sch\u00f6nheitschirurgen zu tun, sondern damit, wie der K\u00f6rper heilt. Diese Antworten werden Ihnen bei der Entscheidung, ob Sie sich der Operation unterziehen oder nicht, vertrauensvoll helfen.\n<h2>16. Wenn w\u00e4hrend oder nach meiner Operation eine Komplikation auftritt, wie kann sie behandelt werden?<\/h2>\nAuch wenn Sie Ihren Chirurgen in einem Zentrum f\u00fcr ambulante Chirurgie treffen, muss Ihr Chirurg im Falle einer schweren Komplikation das Recht haben, in eine Klinik f\u00fcr plastische Chirurgie eingewiesen zu werden.\n<h2>17. Wo werde ich mich nach meiner Operation erholen?<\/h2>\nNach Ihrer Sch\u00f6nheitsoperation sind einige Tage der Erholung erforderlich. <strong>Polycliniqueplus<\/strong> garantiert Ihnen, dass Sie Ihre Genesungszeit in einer au\u00dfergew\u00f6hnlichen Umgebung verbringen, die ein mildes Klima, hochwertige Behandlungen und einen luxuri\u00f6sen Hotelservice miteinander verbindet.\n<h2>18. Wie viele Tage dauert die Genesung?<\/h2>\nEs ist wichtig, dass wir wissen, was uns nach der Operation erwartet und wie lange Ihre Erholungsphase dauern wird. Wann k\u00f6nnen Sie Ihre Kinder abholen? Wann k\u00f6nnen Sie wieder mit dem Autofahren beginnen oder zur Arbeit zur\u00fcckkehren?\n\nSie ben\u00f6tigen wahrscheinlich eine Pflegekraft, die Sie zu und von Ihrer Operation f\u00e4hrt und 24 Stunden nach dem Eingriff bei Ihnen bleibt. Ihr Arzt wird Ihnen die Richtlinien f\u00fcr die Zeit nach der Operation erkl\u00e4ren.\n<h2>19. Wer wird f\u00fcr die Pflege, Betreuung und Besuche zust\u00e4ndig sein?<\/h2>\nDie Erholungspflege ist f\u00fcr Ihr Ergebnis genauso wichtig wie die Operation selbst. Wenn die Nachsorge nach der Operation nicht von Ihrem Chirurgen bei den Nachsorgeuntersuchungen geleistet wird, sollten Sie von einer Krankenschwester gesehen werden, die den Chirurgen sofort alarmieren kann.\n<h2>20. Was w\u00fcrde passieren, wenn ich mit dem Ergebnis nicht zufrieden bin?<\/h2>\nJeder Chirurg hat seine eigene Politik in Bezug auf Revisionsoperationen. Unter der Annahme, dass die Heilung angemessen ist, berechnen viele \u00c4rzte reduzierte Operationskosten, jedoch bleiben die Kosten f\u00fcr die An\u00e4sthesie und die Anlage fix. Idealerweise sollten diese Informationen vor dem urspr\u00fcnglichen Verfahren vorgelegt werden.\n\n&nbsp;\t\t\t\t\t\t<\/div>\n\t\t\t\t<\/div>\n\t\t\t\t\t<\/div>\n\t\t<\/div>\n\t\t\t\t\t<\/div>\n\t\t<\/section>\n\t\t\t\t<\/div>\n\t\t","protected":false},"excerpt":{"rendered":"<p>Bevor Sie einem Sch\u00f6nheitschirurgen vertrauen, vergewissern Sie sich, dass er qualifiziert ist, schauen Sie sich Vorher-Nachher-Fotos von ihren Patienten an und treffen Sie ihn f\u00fcr eine Beratung, entweder pers\u00f6nlich, am Telefon oder \u00fcber Skype, wenn er nicht in Ihrer N\u00e4he ist. Wir empfehlen, mindestens drei Chirurgen zu konsultieren, damit Sie deren Antworten und Ans\u00e4tze vergleichen [&hellip;]<\/p>\n","protected":false},"author":1,"featured_media":0,"parent":0,"menu_order":0,"comment_status":"closed","ping_status":"closed","template":"","meta":{"footnotes":""},"class_list":["post-13036","page","type-page","status-publish","hentry"],"yoast_head":"<!-- This site is optimized with the Yoast SEO plugin v27.3 - https:\/\/yoast.com\/product\/yoast-seo-wordpress\/ -->\n<title>Den plastischen Chirurgen ausw\u00e4hlen - Chirurgie esthetique Turquie : Prix interventions meilleures cliniques Istanbul<\/title>\n<meta name=\"robots\" content=\"index, follow, max-snippet:-1, max-image-preview:large, max-video-preview:-1\" \/>\n<link rel=\"canonical\" href=\"https:\/\/www.polycliniqueplus.com\/de\/plastischer-chirurg-waehlen\/\" \/>\n<meta property=\"og:locale\" content=\"de_DE\" \/>\n<meta property=\"og:type\" content=\"article\" \/>\n<meta property=\"og:title\" content=\"Den plastischen Chirurgen ausw\u00e4hlen - Chirurgie esthetique Turquie : Prix interventions meilleures cliniques Istanbul\" \/>\n<meta property=\"og:description\" content=\"Bevor Sie einem Sch\u00f6nheitschirurgen vertrauen, vergewissern Sie sich, dass er qualifiziert ist, schauen Sie sich Vorher-Nachher-Fotos von ihren Patienten an und treffen Sie ihn f\u00fcr eine Beratung, entweder pers\u00f6nlich, am Telefon oder \u00fcber Skype, wenn er nicht in Ihrer N\u00e4he ist. Wir empfehlen, mindestens drei Chirurgen zu konsultieren, damit Sie deren Antworten und Ans\u00e4tze vergleichen [&hellip;]\" \/>\n<meta property=\"og:url\" content=\"https:\/\/www.polycliniqueplus.com\/de\/plastischer-chirurg-waehlen\/\" \/>\n<meta property=\"og:site_name\" content=\"Chirurgie esthetique Turquie : Prix interventions meilleures cliniques Istanbul\" \/>\n<meta property=\"article:publisher\" content=\"https:\/\/www.facebook.com\/polycliniqueplus\" \/>\n<meta property=\"article:modified_time\" content=\"2023-01-12T13:20:41+00:00\" \/>\n<meta property=\"og:image\" content=\"https:\/\/www.polycliniqueplus.com\/wp-content\/uploads\/2021\/02\/interventions-de-chirurgie-plastique.jpg\" \/>\n\t<meta property=\"og:image:width\" content=\"574\" \/>\n\t<meta property=\"og:image:height\" content=\"586\" \/>\n\t<meta property=\"og:image:type\" content=\"image\/jpeg\" \/>\n<meta name=\"twitter:card\" content=\"summary_large_image\" \/>\n<meta name=\"twitter:site\" content=\"@polyclinique1\" \/>\n<meta name=\"twitter:label1\" content=\"Gesch\u00e4tzte Lesezeit\" \/>\n\t<meta name=\"twitter:data1\" content=\"6\u00a0Minuten\" \/>\n<script type=\"application\/ld+json\" class=\"yoast-schema-graph\">{\"@context\":\"https:\\\/\\\/schema.org\",\"@graph\":[{\"@type\":\"WebPage\",\"@id\":\"https:\\\/\\\/www.polycliniqueplus.com\\\/de\\\/plastischer-chirurg-waehlen\\\/\",\"url\":\"https:\\\/\\\/www.polycliniqueplus.com\\\/de\\\/plastischer-chirurg-waehlen\\\/\",\"name\":\"Den plastischen Chirurgen ausw\u00e4hlen - Chirurgie esthetique Turquie : Prix interventions meilleures cliniques Istanbul\",\"isPartOf\":{\"@id\":\"https:\\\/\\\/www.polycliniqueplus.com\\\/de\\\/#website\"},\"datePublished\":\"2017-06-21T11:58:26+00:00\",\"dateModified\":\"2023-01-12T13:20:41+00:00\",\"breadcrumb\":{\"@id\":\"https:\\\/\\\/www.polycliniqueplus.com\\\/de\\\/plastischer-chirurg-waehlen\\\/#breadcrumb\"},\"inLanguage\":\"de\",\"potentialAction\":[{\"@type\":\"ReadAction\",\"target\":[\"https:\\\/\\\/www.polycliniqueplus.com\\\/de\\\/plastischer-chirurg-waehlen\\\/\"]}]},{\"@type\":\"BreadcrumbList\",\"@id\":\"https:\\\/\\\/www.polycliniqueplus.com\\\/de\\\/plastischer-chirurg-waehlen\\\/#breadcrumb\",\"itemListElement\":[{\"@type\":\"ListItem\",\"position\":1,\"name\":\"Accueil\",\"item\":\"https:\\\/\\\/www.polycliniqueplus.com\\\/de\\\/\"},{\"@type\":\"ListItem\",\"position\":2,\"name\":\"Den plastischen Chirurgen ausw\u00e4hlen\"}]},{\"@type\":\"WebSite\",\"@id\":\"https:\\\/\\\/www.polycliniqueplus.com\\\/de\\\/#website\",\"url\":\"https:\\\/\\\/www.polycliniqueplus.com\\\/de\\\/\",\"name\":\"Chirurgie esthetique Turquie : Prix interventions meilleures cliniques Istanbul\",\"description\":\"Chirurgie esthetique Turquie prix pas cher\",\"publisher\":{\"@id\":\"https:\\\/\\\/www.polycliniqueplus.com\\\/de\\\/#organization\"},\"potentialAction\":[{\"@type\":\"SearchAction\",\"target\":{\"@type\":\"EntryPoint\",\"urlTemplate\":\"https:\\\/\\\/www.polycliniqueplus.com\\\/de\\\/?s={search_term_string}\"},\"query-input\":{\"@type\":\"PropertyValueSpecification\",\"valueRequired\":true,\"valueName\":\"search_term_string\"}}],\"inLanguage\":\"de\"},{\"@type\":\"Organization\",\"@id\":\"https:\\\/\\\/www.polycliniqueplus.com\\\/de\\\/#organization\",\"name\":\"Polycliniqueplus chirurgie esthetique Turquie\",\"url\":\"https:\\\/\\\/www.polycliniqueplus.com\\\/de\\\/\",\"logo\":{\"@type\":\"ImageObject\",\"inLanguage\":\"de\",\"@id\":\"https:\\\/\\\/www.polycliniqueplus.com\\\/de\\\/#\\\/schema\\\/logo\\\/image\\\/\",\"url\":\"https:\\\/\\\/www.polycliniqueplus.com\\\/wp-content\\\/uploads\\\/2021\\\/03\\\/cropped-add-box-fill.png\",\"contentUrl\":\"https:\\\/\\\/www.polycliniqueplus.com\\\/wp-content\\\/uploads\\\/2021\\\/03\\\/cropped-add-box-fill.png\",\"width\":512,\"height\":512,\"caption\":\"Polycliniqueplus chirurgie esthetique Turquie\"},\"image\":{\"@id\":\"https:\\\/\\\/www.polycliniqueplus.com\\\/de\\\/#\\\/schema\\\/logo\\\/image\\\/\"},\"sameAs\":[\"https:\\\/\\\/www.facebook.com\\\/polycliniqueplus\",\"https:\\\/\\\/x.com\\\/polyclinique1\",\"https:\\\/\\\/www.youtube.com\\\/channel\\\/UCAnK3TORJqflIuYGFa-JQDw\"]}]}<\/script>\n<!-- \/ Yoast SEO plugin. -->","yoast_head_json":{"title":"Den plastischen Chirurgen ausw\u00e4hlen - Chirurgie esthetique Turquie : Prix interventions meilleures cliniques Istanbul","robots":{"index":"index","follow":"follow","max-snippet":"max-snippet:-1","max-image-preview":"max-image-preview:large","max-video-preview":"max-video-preview:-1"},"canonical":"https:\/\/www.polycliniqueplus.com\/de\/plastischer-chirurg-waehlen\/","og_locale":"de_DE","og_type":"article","og_title":"Den plastischen Chirurgen ausw\u00e4hlen - Chirurgie esthetique Turquie : Prix interventions meilleures cliniques Istanbul","og_description":"Bevor Sie einem Sch\u00f6nheitschirurgen vertrauen, vergewissern Sie sich, dass er qualifiziert ist, schauen Sie sich Vorher-Nachher-Fotos von ihren Patienten an und treffen Sie ihn f\u00fcr eine Beratung, entweder pers\u00f6nlich, am Telefon oder \u00fcber Skype, wenn er nicht in Ihrer N\u00e4he ist. Wir empfehlen, mindestens drei Chirurgen zu konsultieren, damit Sie deren Antworten und Ans\u00e4tze vergleichen [&hellip;]","og_url":"https:\/\/www.polycliniqueplus.com\/de\/plastischer-chirurg-waehlen\/","og_site_name":"Chirurgie esthetique Turquie : Prix interventions meilleures cliniques Istanbul","article_publisher":"https:\/\/www.facebook.com\/polycliniqueplus","article_modified_time":"2023-01-12T13:20:41+00:00","og_image":[{"width":574,"height":586,"url":"https:\/\/www.polycliniqueplus.com\/wp-content\/uploads\/2021\/02\/interventions-de-chirurgie-plastique.jpg","type":"image\/jpeg"}],"twitter_card":"summary_large_image","twitter_site":"@polyclinique1","twitter_misc":{"Gesch\u00e4tzte Lesezeit":"6\u00a0Minuten"},"schema":{"@context":"https:\/\/schema.org","@graph":[{"@type":"WebPage","@id":"https:\/\/www.polycliniqueplus.com\/de\/plastischer-chirurg-waehlen\/","url":"https:\/\/www.polycliniqueplus.com\/de\/plastischer-chirurg-waehlen\/","name":"Den plastischen Chirurgen ausw\u00e4hlen - Chirurgie esthetique Turquie : Prix interventions meilleures cliniques Istanbul","isPartOf":{"@id":"https:\/\/www.polycliniqueplus.com\/de\/#website"},"datePublished":"2017-06-21T11:58:26+00:00","dateModified":"2023-01-12T13:20:41+00:00","breadcrumb":{"@id":"https:\/\/www.polycliniqueplus.com\/de\/plastischer-chirurg-waehlen\/#breadcrumb"},"inLanguage":"de","potentialAction":[{"@type":"ReadAction","target":["https:\/\/www.polycliniqueplus.com\/de\/plastischer-chirurg-waehlen\/"]}]},{"@type":"BreadcrumbList","@id":"https:\/\/www.polycliniqueplus.com\/de\/plastischer-chirurg-waehlen\/#breadcrumb","itemListElement":[{"@type":"ListItem","position":1,"name":"Accueil","item":"https:\/\/www.polycliniqueplus.com\/de\/"},{"@type":"ListItem","position":2,"name":"Den plastischen Chirurgen ausw\u00e4hlen"}]},{"@type":"WebSite","@id":"https:\/\/www.polycliniqueplus.com\/de\/#website","url":"https:\/\/www.polycliniqueplus.com\/de\/","name":"Chirurgie esthetique Turquie : Prix interventions meilleures cliniques Istanbul","description":"Chirurgie esthetique Turquie prix pas cher","publisher":{"@id":"https:\/\/www.polycliniqueplus.com\/de\/#organization"},"potentialAction":[{"@type":"SearchAction","target":{"@type":"EntryPoint","urlTemplate":"https:\/\/www.polycliniqueplus.com\/de\/?s={search_term_string}"},"query-input":{"@type":"PropertyValueSpecification","valueRequired":true,"valueName":"search_term_string"}}],"inLanguage":"de"},{"@type":"Organization","@id":"https:\/\/www.polycliniqueplus.com\/de\/#organization","name":"Polycliniqueplus chirurgie esthetique Turquie","url":"https:\/\/www.polycliniqueplus.com\/de\/","logo":{"@type":"ImageObject","inLanguage":"de","@id":"https:\/\/www.polycliniqueplus.com\/de\/#\/schema\/logo\/image\/","url":"https:\/\/www.polycliniqueplus.com\/wp-content\/uploads\/2021\/03\/cropped-add-box-fill.png","contentUrl":"https:\/\/www.polycliniqueplus.com\/wp-content\/uploads\/2021\/03\/cropped-add-box-fill.png","width":512,"height":512,"caption":"Polycliniqueplus chirurgie esthetique Turquie"},"image":{"@id":"https:\/\/www.polycliniqueplus.com\/de\/#\/schema\/logo\/image\/"},"sameAs":["https:\/\/www.facebook.com\/polycliniqueplus","https:\/\/x.com\/polyclinique1","https:\/\/www.youtube.com\/channel\/UCAnK3TORJqflIuYGFa-JQDw"]}]}},"_links":{"self":[{"href":"https:\/\/www.polycliniqueplus.com\/de\/wp-json\/wp\/v2\/pages\/13036","targetHints":{"allow":["GET"]}}],"collection":[{"href":"https:\/\/www.polycliniqueplus.com\/de\/wp-json\/wp\/v2\/pages"}],"about":[{"href":"https:\/\/www.polycliniqueplus.com\/de\/wp-json\/wp\/v2\/types\/page"}],"author":[{"embeddable":true,"href":"https:\/\/www.polycliniqueplus.com\/de\/wp-json\/wp\/v2\/users\/1"}],"replies":[{"embeddable":true,"href":"https:\/\/www.polycliniqueplus.com\/de\/wp-json\/wp\/v2\/comments?post=13036"}],"version-history":[{"count":8,"href":"https:\/\/www.polycliniqueplus.com\/de\/wp-json\/wp\/v2\/pages\/13036\/revisions"}],"predecessor-version":[{"id":13048,"href":"https:\/\/www.polycliniqueplus.com\/de\/wp-json\/wp\/v2\/pages\/13036\/revisions\/13048"}],"wp:attachment":[{"href":"https:\/\/www.polycliniqueplus.com\/de\/wp-json\/wp\/v2\/media?parent=13036"}],"curies":[{"name":"wp","href":"https:\/\/api.w.org\/{rel}","templated":true}]}}