{"id":12935,"date":"2017-06-18T18:38:40","date_gmt":"2017-06-18T16:38:40","guid":{"rendered":"https:\/\/www.polycliniqueplus.com\/eingriffe-schlankheitschirurgie-tuerkei-aesthetische-koerperchirurgie\/"},"modified":"2023-01-13T11:31:42","modified_gmt":"2023-01-13T10:31:42","slug":"figurchirurgie-tuerkei","status":"publish","type":"page","link":"https:\/\/www.polycliniqueplus.com\/de\/figurchirurgie-tuerkei\/","title":{"rendered":"Eingriffe Schlankheitschirurgie T\u00fcrkei: \u00c4sthetische K\u00f6rperchirurgie"},"content":{"rendered":"<div data-elementor-type=\"wp-page\" data-elementor-id=\"12935\" class=\"elementor elementor-12935 elementor-16\" data-elementor-settings=\"{&quot;ha_cmc_init_switcher&quot;:&quot;no&quot;}\">\n\t\t\t\t\t\t<section class=\"elementor-section elementor-top-section elementor-element elementor-element-c5d2913 elementor-section-boxed elementor-section-height-default elementor-section-height-default\" data-id=\"c5d2913\" data-element_type=\"section\" data-settings=\"{&quot;_ha_eqh_enable&quot;:false}\">\n\t\t\t\t\t\t<div class=\"elementor-container elementor-column-gap-default\">\n\t\t\t\t\t<div class=\"elementor-column elementor-col-50 elementor-top-column elementor-element elementor-element-210456f\" data-id=\"210456f\" data-element_type=\"column\">\n\t\t\t<div class=\"elementor-widget-wrap elementor-element-populated\">\n\t\t\t\t\t\t<div class=\"elementor-element elementor-element-51d6e62 elementor-widget elementor-widget-text-editor\" data-id=\"51d6e62\" data-element_type=\"widget\" data-widget_type=\"text-editor.default\">\n\t\t\t\t<div class=\"elementor-widget-container\">\n\t\t\t\t\t\t\tDie <strong>Silhouettenchirurgie<\/strong> zielt darauf ab, einen Bereich oder den ganzen K\u00f6rper zu formen und <strong>k\u00f6rperliche Missst\u00e4nde zu korrigieren<\/strong>, f\u00fcr die der Patient ein k\u00f6rperliches und\/oder psychologisches Unbehagen empfindet.\nDie verschiedenen Eingriffe der <strong>Silhouettenchirurgie<\/strong> erm\u00f6glichen es, der Silhouette von Patienten jeden Alters <strong>eine allgemeine Harmonie<\/strong> zu verleihen, indem sie direkt auf mehrere Gliedma\u00dfen oder K\u00f6rperzonen wie: Oberschenkel, Arme oder Bauch einwirken, indem sie das gesamte \u00fcbersch\u00fcssige Fett absaugen.\n<ul class=\"liste-page\">\n \t<li><a href=\"https:\/\/www.polycliniqueplus.com\/de\/abdominoplastik-tuerkei\/\">Abdominoplastik<\/a><\/li>\n \t<li><a href=\"https:\/\/www.polycliniqueplus.com\/de\/mini-abdominoplastik-tuerkei\/\">Mini-Abdominoplastik<\/a><\/li>\n \t<li><a href=\"https:\/\/www.polycliniqueplus.com\/de\/gesaessvergroesserung-tuerkei\/\">Ges\u00e4\u00dfvergr\u00f6\u00dferung<\/a><\/li>\n \t<li><a href=\"https:\/\/www.polycliniqueplus.com\/de\/wadenvergroesserung-tuerkei\/\">Wadenvergr\u00f6\u00dferung<\/a><\/li>\n \t<li><a href=\"https:\/\/www.polycliniqueplus.com\/de\/fettabsaugung-tuerkei\/\">Fettabsaugung<\/a><\/li>\n \t<li><a href=\"https:\/\/www.polycliniqueplus.com\/de\/preisliste-fettabsaugung-tuerkei\/\">Preis Fettabsaugung<\/a><\/li>\n \t<li><a href=\"https:\/\/www.polycliniqueplus.com\/de\/armlifting-tuerkei\/\">Armlifting<\/a><\/li>\n \t<li><a href=\"https:\/\/www.polycliniqueplus.com\/de\/oberschenkelstraffung-tuerkei\/\">Oberschenkelstraffung<\/a><\/li>\n \t<li><a href=\"https:\/\/www.polycliniqueplus.com\/de\/po-lipofilling-tuerkei\/\">Po-Lipofilling<\/a><\/li>\n \t<li><a href=\"https:\/\/www.polycliniqueplus.com\/de\/smart-lipo-tuerkei\/\">SmartLipo<\/a><\/li>\n<\/ul>\t\t\t\t\t\t<\/div>\n\t\t\t\t<\/div>\n\t\t\t\t\t<\/div>\n\t\t<\/div>\n\t\t\t\t<div class=\"elementor-column elementor-col-50 elementor-top-column elementor-element elementor-element-9ac651b\" data-id=\"9ac651b\" data-element_type=\"column\">\n\t\t\t<div class=\"elementor-widget-wrap elementor-element-populated\">\n\t\t\t\t\t\t<div class=\"elementor-element elementor-element-6bb2ed5 elementor-widget elementor-widget-image\" data-id=\"6bb2ed5\" data-element_type=\"widget\" data-widget_type=\"image.default\">\n\t\t\t\t<div class=\"elementor-widget-container\">\n\t\t\t\t\t\t\t\t\t\t\t\t\t<noscript><img fetchpriority=\"high\" decoding=\"async\" width=\"574\" height=\"586\" src=\"https:\/\/www.polycliniqueplus.com\/wp-content\/uploads\/2021\/03\/chirurgie-corps-silhouette-turquie.jpg\" class=\"attachment-large size-large wp-image-12596\" alt srcset=\"https:\/\/www.polycliniqueplus.com\/wp-content\/uploads\/2021\/03\/chirurgie-corps-silhouette-turquie.jpg 574w, https:\/\/www.polycliniqueplus.com\/wp-content\/uploads\/2021\/03\/chirurgie-corps-silhouette-turquie-294x300.jpg 294w\" sizes=\"(max-width: 574px) 100vw, 574px\"><\/noscript><img fetchpriority=\"high\" decoding=\"async\" width=\"574\" height=\"586\" src=\"data:image\/svg+xml,%3Csvg%20xmlns%3D%22http%3A%2F%2Fwww.w3.org%2F2000%2Fsvg%22%20viewBox%3D%220%200%20574%20586%22%3E%3C%2Fsvg%3E\" class=\"attachment-large size-large wp-image-12596 lazyload\" alt srcset=\"data:image\/svg+xml,%3Csvg%20xmlns%3D%22http%3A%2F%2Fwww.w3.org%2F2000%2Fsvg%22%20viewBox%3D%220%200%20574%20586%22%3E%3C%2Fsvg%3E 574w\" sizes=\"(max-width: 574px) 100vw, 574px\" data-srcset=\"https:\/\/www.polycliniqueplus.com\/wp-content\/uploads\/2021\/03\/chirurgie-corps-silhouette-turquie.jpg 574w, https:\/\/www.polycliniqueplus.com\/wp-content\/uploads\/2021\/03\/chirurgie-corps-silhouette-turquie-294x300.jpg 294w\" data-src=\"https:\/\/www.polycliniqueplus.com\/wp-content\/uploads\/2021\/03\/chirurgie-corps-silhouette-turquie.jpg\">\t\t\t\t\t\t\t\t\t\t\t\t\t<\/div>\n\t\t\t\t<\/div>\n\t\t\t\t\t<\/div>\n\t\t<\/div>\n\t\t\t\t\t<\/div>\n\t\t<\/section>\n\t\t\t\t<section class=\"elementor-section elementor-top-section elementor-element elementor-element-c39983b elementor-section-boxed elementor-section-height-default elementor-section-height-default\" data-id=\"c39983b\" data-element_type=\"section\" data-settings=\"{&quot;background_background&quot;:&quot;classic&quot;,&quot;_ha_eqh_enable&quot;:false}\">\n\t\t\t\t\t\t<div class=\"elementor-container elementor-column-gap-default\">\n\t\t\t\t\t<div class=\"elementor-column elementor-col-100 elementor-top-column elementor-element elementor-element-8888cfa\" data-id=\"8888cfa\" data-element_type=\"column\">\n\t\t\t<div class=\"elementor-widget-wrap elementor-element-populated\">\n\t\t\t\t\t\t<div class=\"elementor-element elementor-element-aca2f9c elementor-widget elementor-widget-text-editor\" data-id=\"aca2f9c\" data-element_type=\"widget\" data-widget_type=\"text-editor.default\">\n\t\t\t\t<div class=\"elementor-widget-container\">\n\t\t\t\t\t\t\t<style>\nhtml body a.whatsapp-button {\n    display: inline-block;\n    background-color: #25D366;\n    font-size: 16px;\n    font-weight: bold;\n    padding: 12px 20px;\n    text-align: center;\n    text-decoration: none;\n    border-radius: 5px;\n    box-shadow: 0 4px 6px rgba(0, 0, 0, 0.1);\n    transition: background-color 0.3s ease, transform 0.2s ease;\n    color: white!important;\n}\n\n.whatsapp-button:hover {\n    background-color: #1EBE54;\n    transform: translateY(-2px);\n}\n\n.whatsapp-button:active {\n    transform: translateY(0);\n}\n\n.align_center {\n    display: block;\n    text-align: center;\n    padding: 30px 0px;\n}\n\n<\/style>\n<div class=\"align_center\">\n<a href=\"https:\/\/api.whatsapp.com\/send?phone=+33635235712&amp;&amp;text=Hallo, ich w\u00fcrde gerne Ihre Interventionen und Preise kennenlernen!\" class=\"whatsapp-button\" target=\"_blank\">\n    Klicken Sie f\u00fcr ein kostenloses Whatsapp-Angebot\n<\/a>\n<\/div>\t\t\t\t\t\t<\/div>\n\t\t\t\t<\/div>\n\t\t\t\t\t<\/div>\n\t\t<\/div>\n\t\t\t\t\t<\/div>\n\t\t<\/section>\n\t\t\t\t<section class=\"elementor-section elementor-top-section elementor-element elementor-element-49eed7d2 elementor-section-boxed elementor-section-height-default elementor-section-height-default\" data-id=\"49eed7d2\" data-element_type=\"section\" data-settings=\"{&quot;_ha_eqh_enable&quot;:false}\">\n\t\t\t\t\t\t<div class=\"elementor-container elementor-column-gap-default\">\n\t\t\t\t\t<div class=\"elementor-column elementor-col-100 elementor-top-column elementor-element elementor-element-7406d838\" data-id=\"7406d838\" data-element_type=\"column\">\n\t\t\t<div class=\"elementor-widget-wrap elementor-element-populated\">\n\t\t\t\t\t\t<div class=\"elementor-element elementor-element-74ace723 elementor-widget elementor-widget-text-editor\" data-id=\"74ace723\" data-element_type=\"widget\" data-widget_type=\"text-editor.default\">\n\t\t\t\t<div class=\"elementor-widget-container\">\n\t\t\t\t\t\t\t<a href=\"https:\/\/www.polycliniqueplus.com\/de\/\">Die \u00e4sthetische K\u00f6rperchirurgie in der T\u00fcrkei<\/a> ist eine sehr praktische und wirksame L\u00f6sung, um <strong>ein besseres Aussehen der K\u00f6rperteile zu erreichen<\/strong>, die <strong>aufgrund von Gewichtsverlust<\/strong> oder altersbedingten Ver\u00e4nderungen die Elastizit\u00e4t der Haut verloren haben. So zielt die K\u00f6rperumformung darauf ab, <strong>das Aussehen Ihres K\u00f6rpers<\/strong> nach Ihren Bed\u00fcrfnissen und W\u00fcnschen zu <strong>formen<\/strong>. Sie ist jedoch kein Wundermittel, tr\u00e4gt aber dennoch dazu bei, dass Sie sich besser f\u00fchlen und mit<strong>einer Figur<\/strong> leben, die mehr mit Ihnen selbst im Einklang steht.\n\nSie k\u00f6nnen Ihren K\u00f6rper mit Techniken der Sch\u00f6nheitschirurgie neu formen, bei denen <strong>Fettzellen<\/strong> durch <strong>Fettabsaugung<\/strong> behandelt werden, mit <strong>einer<\/strong> Bauchdeckenstraffung, um \u00fcbersch\u00fcssiges Bauchgewebe aufgrund einer Schwangerschaft zu entfernen, oder mit einer Ges\u00e4\u00dflipofilling-Methode, um das <a href=\"https:\/\/www.polycliniqueplus.com\/de\/gesaessvergroesserung-tuerkei\/\">Ges\u00e4\u00df straffer<\/a> zu machen.\t\t\t\t\t\t<\/div>\n\t\t\t\t<\/div>\n\t\t\t\t\t<\/div>\n\t\t<\/div>\n\t\t\t\t\t<\/div>\n\t\t<\/section>\n\t\t\t\t<section class=\"elementor-section elementor-top-section elementor-element elementor-element-08fb37c elementor-section-boxed elementor-section-height-default elementor-section-height-default\" data-id=\"08fb37c\" data-element_type=\"section\" data-settings=\"{&quot;background_background&quot;:&quot;classic&quot;,&quot;_ha_eqh_enable&quot;:false}\">\n\t\t\t\t\t\t<div class=\"elementor-container elementor-column-gap-default\">\n\t\t\t\t\t<div class=\"elementor-column elementor-col-100 elementor-top-column elementor-element elementor-element-f40e99d\" data-id=\"f40e99d\" data-element_type=\"column\">\n\t\t\t<div class=\"elementor-widget-wrap elementor-element-populated\">\n\t\t\t\t\t\t<div class=\"elementor-element elementor-element-c1d7332 elementor-widget elementor-widget-heading\" data-id=\"c1d7332\" data-element_type=\"widget\" data-widget_type=\"heading.default\">\n\t\t\t\t<div class=\"elementor-widget-container\">\n\t\t\t<h4 class=\"elementor-heading-title elementor-size-default\">Kostenloser Kostenvoranschlag und All-inclusive-Preis f\u00fcr \u00e4sthetische Chirurgie Silhouette in der T\u00fcrkei<\/h4>\t\t<\/div>\n\t\t\t\t<\/div>\n\t\t\t\t<div class=\"elementor-element elementor-element-e800134 elementor-align-center elementor-widget elementor-widget-button\" data-id=\"e800134\" data-element_type=\"widget\" data-widget_type=\"button.default\">\n\t\t\t\t<div class=\"elementor-widget-container\">\n\t\t\t\t\t<div class=\"elementor-button-wrapper\">\n\t\t\t<a class=\"elementor-button elementor-button-link elementor-size-sm\" href=\"https:\/\/www.polycliniqueplus.com\/de\/kostenvoranschlag\/\">\n\t\t\t\t\t\t<span class=\"elementor-button-content-wrapper\">\n\t\t\t\t\t\t<span class=\"elementor-button-icon\">\n\t\t\t\t<i aria-hidden=\"true\" class=\"fas fa-arrow-right\"><\/i>\t\t\t<\/span>\n\t\t\t\t\t\t\t\t\t<span class=\"elementor-button-text\">Kostenvoranschlag f\u00fcr Silhouette-Chirurgie<\/span>\n\t\t\t\t\t<\/span>\n\t\t\t\t\t<\/a>\n\t\t<\/div>\n\t\t\t\t<\/div>\n\t\t\t\t<\/div>\n\t\t\t\t\t<\/div>\n\t\t<\/div>\n\t\t\t\t\t<\/div>\n\t\t<\/section>\n\t\t\t\t<\/div>\n\t\t","protected":false},"excerpt":{"rendered":"<p>Die Silhouettenchirurgie zielt darauf ab, einen Bereich oder den ganzen K\u00f6rper zu formen und k\u00f6rperliche Missst\u00e4nde zu korrigieren, f\u00fcr die der Patient ein k\u00f6rperliches und\/oder psychologisches Unbehagen empfindet. Die verschiedenen Eingriffe der Silhouettenchirurgie erm\u00f6glichen es, der Silhouette von Patienten jeden Alters eine allgemeine Harmonie zu verleihen, indem sie direkt auf mehrere Gliedma\u00dfen oder K\u00f6rperzonen wie: [&hellip;]<\/p>\n","protected":false},"author":1,"featured_media":12336,"parent":0,"menu_order":0,"comment_status":"closed","ping_status":"closed","template":"","meta":{"footnotes":""},"class_list":["post-12935","page","type-page","status-publish","has-post-thumbnail","hentry"],"yoast_head":"<!-- This site is optimized with the Yoast SEO plugin v27.3 - https:\/\/yoast.com\/product\/yoast-seo-wordpress\/ -->\n<title>Silhouettenchirurgie T\u00fcrkei: G\u00fcnstige Sch\u00f6nheitschirurgie<\/title>\n<meta name=\"description\" content=\"Sehen Sie sich die verschiedenen Arten der von polycliniquePlus organisierten Figurchirurgie in der T\u00fcrkei an: Abdominoplastik, Fettabsaugung, Oberarm- und Oberschenkelstraffung.\" \/>\n<meta name=\"robots\" content=\"index, follow, max-snippet:-1, max-image-preview:large, max-video-preview:-1\" \/>\n<link rel=\"canonical\" href=\"https:\/\/www.polycliniqueplus.com\/de\/figurchirurgie-tuerkei\/\" \/>\n<meta property=\"og:locale\" content=\"de_DE\" \/>\n<meta property=\"og:type\" content=\"article\" \/>\n<meta property=\"og:title\" content=\"Silhouettenchirurgie T\u00fcrkei: G\u00fcnstige Sch\u00f6nheitschirurgie\" \/>\n<meta property=\"og:description\" content=\"Sehen Sie sich die verschiedenen Arten der von polycliniquePlus organisierten Figurchirurgie in der T\u00fcrkei an: Abdominoplastik, Fettabsaugung, Oberarm- und Oberschenkelstraffung.\" \/>\n<meta property=\"og:url\" content=\"https:\/\/www.polycliniqueplus.com\/de\/figurchirurgie-tuerkei\/\" \/>\n<meta property=\"og:site_name\" content=\"Chirurgie esthetique Turquie : Prix interventions meilleures cliniques Istanbul\" \/>\n<meta property=\"article:publisher\" content=\"https:\/\/www.facebook.com\/polycliniqueplus\" \/>\n<meta property=\"article:modified_time\" content=\"2023-01-13T10:31:42+00:00\" \/>\n<meta property=\"og:image\" content=\"https:\/\/www.polycliniqueplus.com\/wp-content\/uploads\/2017\/06\/liposuccion.jpg\" \/>\n\t<meta property=\"og:image:width\" content=\"245\" \/>\n\t<meta property=\"og:image:height\" content=\"160\" \/>\n\t<meta property=\"og:image:type\" content=\"image\/jpeg\" \/>\n<meta name=\"twitter:card\" content=\"summary_large_image\" \/>\n<meta name=\"twitter:site\" content=\"@polyclinique1\" \/>\n<meta name=\"twitter:label1\" content=\"Gesch\u00e4tzte Lesezeit\" \/>\n\t<meta name=\"twitter:data1\" content=\"2\u00a0Minuten\" \/>\n<script type=\"application\/ld+json\" class=\"yoast-schema-graph\">{\"@context\":\"https:\\\/\\\/schema.org\",\"@graph\":[{\"@type\":\"WebPage\",\"@id\":\"https:\\\/\\\/www.polycliniqueplus.com\\\/de\\\/figurchirurgie-tuerkei\\\/\",\"url\":\"https:\\\/\\\/www.polycliniqueplus.com\\\/de\\\/figurchirurgie-tuerkei\\\/\",\"name\":\"Silhouettenchirurgie T\u00fcrkei: G\u00fcnstige Sch\u00f6nheitschirurgie\",\"isPartOf\":{\"@id\":\"https:\\\/\\\/www.polycliniqueplus.com\\\/de\\\/#website\"},\"primaryImageOfPage\":{\"@id\":\"https:\\\/\\\/www.polycliniqueplus.com\\\/de\\\/figurchirurgie-tuerkei\\\/#primaryimage\"},\"image\":{\"@id\":\"https:\\\/\\\/www.polycliniqueplus.com\\\/de\\\/figurchirurgie-tuerkei\\\/#primaryimage\"},\"thumbnailUrl\":\"https:\\\/\\\/www.polycliniqueplus.com\\\/wp-content\\\/uploads\\\/2017\\\/06\\\/liposuccion.jpg\",\"datePublished\":\"2017-06-18T16:38:40+00:00\",\"dateModified\":\"2023-01-13T10:31:42+00:00\",\"description\":\"Sehen Sie sich die verschiedenen Arten der von polycliniquePlus organisierten Figurchirurgie in der T\u00fcrkei an: Abdominoplastik, Fettabsaugung, Oberarm- und Oberschenkelstraffung.\",\"breadcrumb\":{\"@id\":\"https:\\\/\\\/www.polycliniqueplus.com\\\/de\\\/figurchirurgie-tuerkei\\\/#breadcrumb\"},\"inLanguage\":\"de\",\"potentialAction\":[{\"@type\":\"ReadAction\",\"target\":[\"https:\\\/\\\/www.polycliniqueplus.com\\\/de\\\/figurchirurgie-tuerkei\\\/\"]}]},{\"@type\":\"ImageObject\",\"inLanguage\":\"de\",\"@id\":\"https:\\\/\\\/www.polycliniqueplus.com\\\/de\\\/figurchirurgie-tuerkei\\\/#primaryimage\",\"url\":\"https:\\\/\\\/www.polycliniqueplus.com\\\/wp-content\\\/uploads\\\/2017\\\/06\\\/liposuccion.jpg\",\"contentUrl\":\"https:\\\/\\\/www.polycliniqueplus.com\\\/wp-content\\\/uploads\\\/2017\\\/06\\\/liposuccion.jpg\",\"width\":245,\"height\":160,\"caption\":\"liposuccion\"},{\"@type\":\"BreadcrumbList\",\"@id\":\"https:\\\/\\\/www.polycliniqueplus.com\\\/de\\\/figurchirurgie-tuerkei\\\/#breadcrumb\",\"itemListElement\":[{\"@type\":\"ListItem\",\"position\":1,\"name\":\"Accueil\",\"item\":\"https:\\\/\\\/www.polycliniqueplus.com\\\/de\\\/\"},{\"@type\":\"ListItem\",\"position\":2,\"name\":\"Eingriffe Schlankheitschirurgie T\u00fcrkei: \u00c4sthetische K\u00f6rperchirurgie\"}]},{\"@type\":\"WebSite\",\"@id\":\"https:\\\/\\\/www.polycliniqueplus.com\\\/de\\\/#website\",\"url\":\"https:\\\/\\\/www.polycliniqueplus.com\\\/de\\\/\",\"name\":\"Chirurgie esthetique Turquie : Prix interventions meilleures cliniques Istanbul\",\"description\":\"Chirurgie esthetique Turquie prix pas cher\",\"publisher\":{\"@id\":\"https:\\\/\\\/www.polycliniqueplus.com\\\/de\\\/#organization\"},\"potentialAction\":[{\"@type\":\"SearchAction\",\"target\":{\"@type\":\"EntryPoint\",\"urlTemplate\":\"https:\\\/\\\/www.polycliniqueplus.com\\\/de\\\/?s={search_term_string}\"},\"query-input\":{\"@type\":\"PropertyValueSpecification\",\"valueRequired\":true,\"valueName\":\"search_term_string\"}}],\"inLanguage\":\"de\"},{\"@type\":\"Organization\",\"@id\":\"https:\\\/\\\/www.polycliniqueplus.com\\\/de\\\/#organization\",\"name\":\"Polycliniqueplus chirurgie esthetique Turquie\",\"url\":\"https:\\\/\\\/www.polycliniqueplus.com\\\/de\\\/\",\"logo\":{\"@type\":\"ImageObject\",\"inLanguage\":\"de\",\"@id\":\"https:\\\/\\\/www.polycliniqueplus.com\\\/de\\\/#\\\/schema\\\/logo\\\/image\\\/\",\"url\":\"https:\\\/\\\/www.polycliniqueplus.com\\\/wp-content\\\/uploads\\\/2021\\\/03\\\/cropped-add-box-fill.png\",\"contentUrl\":\"https:\\\/\\\/www.polycliniqueplus.com\\\/wp-content\\\/uploads\\\/2021\\\/03\\\/cropped-add-box-fill.png\",\"width\":512,\"height\":512,\"caption\":\"Polycliniqueplus chirurgie esthetique Turquie\"},\"image\":{\"@id\":\"https:\\\/\\\/www.polycliniqueplus.com\\\/de\\\/#\\\/schema\\\/logo\\\/image\\\/\"},\"sameAs\":[\"https:\\\/\\\/www.facebook.com\\\/polycliniqueplus\",\"https:\\\/\\\/x.com\\\/polyclinique1\",\"https:\\\/\\\/www.youtube.com\\\/channel\\\/UCAnK3TORJqflIuYGFa-JQDw\"]}]}<\/script>\n<!-- \/ Yoast SEO plugin. -->","yoast_head_json":{"title":"Silhouettenchirurgie T\u00fcrkei: G\u00fcnstige Sch\u00f6nheitschirurgie","description":"Sehen Sie sich die verschiedenen Arten der von polycliniquePlus organisierten Figurchirurgie in der T\u00fcrkei an: Abdominoplastik, Fettabsaugung, Oberarm- und Oberschenkelstraffung.","robots":{"index":"index","follow":"follow","max-snippet":"max-snippet:-1","max-image-preview":"max-image-preview:large","max-video-preview":"max-video-preview:-1"},"canonical":"https:\/\/www.polycliniqueplus.com\/de\/figurchirurgie-tuerkei\/","og_locale":"de_DE","og_type":"article","og_title":"Silhouettenchirurgie T\u00fcrkei: G\u00fcnstige Sch\u00f6nheitschirurgie","og_description":"Sehen Sie sich die verschiedenen Arten der von polycliniquePlus organisierten Figurchirurgie in der T\u00fcrkei an: Abdominoplastik, Fettabsaugung, Oberarm- und Oberschenkelstraffung.","og_url":"https:\/\/www.polycliniqueplus.com\/de\/figurchirurgie-tuerkei\/","og_site_name":"Chirurgie esthetique Turquie : Prix interventions meilleures cliniques Istanbul","article_publisher":"https:\/\/www.facebook.com\/polycliniqueplus","article_modified_time":"2023-01-13T10:31:42+00:00","og_image":[{"width":245,"height":160,"url":"https:\/\/www.polycliniqueplus.com\/wp-content\/uploads\/2017\/06\/liposuccion.jpg","type":"image\/jpeg"}],"twitter_card":"summary_large_image","twitter_site":"@polyclinique1","twitter_misc":{"Gesch\u00e4tzte Lesezeit":"2\u00a0Minuten"},"schema":{"@context":"https:\/\/schema.org","@graph":[{"@type":"WebPage","@id":"https:\/\/www.polycliniqueplus.com\/de\/figurchirurgie-tuerkei\/","url":"https:\/\/www.polycliniqueplus.com\/de\/figurchirurgie-tuerkei\/","name":"Silhouettenchirurgie T\u00fcrkei: G\u00fcnstige Sch\u00f6nheitschirurgie","isPartOf":{"@id":"https:\/\/www.polycliniqueplus.com\/de\/#website"},"primaryImageOfPage":{"@id":"https:\/\/www.polycliniqueplus.com\/de\/figurchirurgie-tuerkei\/#primaryimage"},"image":{"@id":"https:\/\/www.polycliniqueplus.com\/de\/figurchirurgie-tuerkei\/#primaryimage"},"thumbnailUrl":"https:\/\/www.polycliniqueplus.com\/wp-content\/uploads\/2017\/06\/liposuccion.jpg","datePublished":"2017-06-18T16:38:40+00:00","dateModified":"2023-01-13T10:31:42+00:00","description":"Sehen Sie sich die verschiedenen Arten der von polycliniquePlus organisierten Figurchirurgie in der T\u00fcrkei an: Abdominoplastik, Fettabsaugung, Oberarm- und Oberschenkelstraffung.","breadcrumb":{"@id":"https:\/\/www.polycliniqueplus.com\/de\/figurchirurgie-tuerkei\/#breadcrumb"},"inLanguage":"de","potentialAction":[{"@type":"ReadAction","target":["https:\/\/www.polycliniqueplus.com\/de\/figurchirurgie-tuerkei\/"]}]},{"@type":"ImageObject","inLanguage":"de","@id":"https:\/\/www.polycliniqueplus.com\/de\/figurchirurgie-tuerkei\/#primaryimage","url":"https:\/\/www.polycliniqueplus.com\/wp-content\/uploads\/2017\/06\/liposuccion.jpg","contentUrl":"https:\/\/www.polycliniqueplus.com\/wp-content\/uploads\/2017\/06\/liposuccion.jpg","width":245,"height":160,"caption":"liposuccion"},{"@type":"BreadcrumbList","@id":"https:\/\/www.polycliniqueplus.com\/de\/figurchirurgie-tuerkei\/#breadcrumb","itemListElement":[{"@type":"ListItem","position":1,"name":"Accueil","item":"https:\/\/www.polycliniqueplus.com\/de\/"},{"@type":"ListItem","position":2,"name":"Eingriffe Schlankheitschirurgie T\u00fcrkei: \u00c4sthetische K\u00f6rperchirurgie"}]},{"@type":"WebSite","@id":"https:\/\/www.polycliniqueplus.com\/de\/#website","url":"https:\/\/www.polycliniqueplus.com\/de\/","name":"Chirurgie esthetique Turquie : Prix interventions meilleures cliniques Istanbul","description":"Chirurgie esthetique Turquie prix pas cher","publisher":{"@id":"https:\/\/www.polycliniqueplus.com\/de\/#organization"},"potentialAction":[{"@type":"SearchAction","target":{"@type":"EntryPoint","urlTemplate":"https:\/\/www.polycliniqueplus.com\/de\/?s={search_term_string}"},"query-input":{"@type":"PropertyValueSpecification","valueRequired":true,"valueName":"search_term_string"}}],"inLanguage":"de"},{"@type":"Organization","@id":"https:\/\/www.polycliniqueplus.com\/de\/#organization","name":"Polycliniqueplus chirurgie esthetique Turquie","url":"https:\/\/www.polycliniqueplus.com\/de\/","logo":{"@type":"ImageObject","inLanguage":"de","@id":"https:\/\/www.polycliniqueplus.com\/de\/#\/schema\/logo\/image\/","url":"https:\/\/www.polycliniqueplus.com\/wp-content\/uploads\/2021\/03\/cropped-add-box-fill.png","contentUrl":"https:\/\/www.polycliniqueplus.com\/wp-content\/uploads\/2021\/03\/cropped-add-box-fill.png","width":512,"height":512,"caption":"Polycliniqueplus chirurgie esthetique Turquie"},"image":{"@id":"https:\/\/www.polycliniqueplus.com\/de\/#\/schema\/logo\/image\/"},"sameAs":["https:\/\/www.facebook.com\/polycliniqueplus","https:\/\/x.com\/polyclinique1","https:\/\/www.youtube.com\/channel\/UCAnK3TORJqflIuYGFa-JQDw"]}]}},"_links":{"self":[{"href":"https:\/\/www.polycliniqueplus.com\/de\/wp-json\/wp\/v2\/pages\/12935","targetHints":{"allow":["GET"]}}],"collection":[{"href":"https:\/\/www.polycliniqueplus.com\/de\/wp-json\/wp\/v2\/pages"}],"about":[{"href":"https:\/\/www.polycliniqueplus.com\/de\/wp-json\/wp\/v2\/types\/page"}],"author":[{"embeddable":true,"href":"https:\/\/www.polycliniqueplus.com\/de\/wp-json\/wp\/v2\/users\/1"}],"replies":[{"embeddable":true,"href":"https:\/\/www.polycliniqueplus.com\/de\/wp-json\/wp\/v2\/comments?post=12935"}],"version-history":[{"count":29,"href":"https:\/\/www.polycliniqueplus.com\/de\/wp-json\/wp\/v2\/pages\/12935\/revisions"}],"predecessor-version":[{"id":13660,"href":"https:\/\/www.polycliniqueplus.com\/de\/wp-json\/wp\/v2\/pages\/12935\/revisions\/13660"}],"wp:featuredmedia":[{"embeddable":true,"href":"https:\/\/www.polycliniqueplus.com\/de\/wp-json\/wp\/v2\/media\/12336"}],"wp:attachment":[{"href":"https:\/\/www.polycliniqueplus.com\/de\/wp-json\/wp\/v2\/media?parent=12935"}],"curies":[{"name":"wp","href":"https:\/\/api.w.org\/{rel}","templated":true}]}}