{"id":12886,"date":"2017-06-18T18:56:28","date_gmt":"2017-06-18T16:56:28","guid":{"rendered":"https:\/\/www.polycliniqueplus.com\/otoplastik-tuerkei-aesthetische-chirurgie-abstehender-ohren\/"},"modified":"2023-01-19T08:10:04","modified_gmt":"2023-01-19T07:10:04","slug":"otoplastik-tuerkei","status":"publish","type":"page","link":"https:\/\/www.polycliniqueplus.com\/de\/otoplastik-tuerkei\/","title":{"rendered":"Otoplastik T\u00fcrkei: \u00c4sthetische Chirurgie abstehender Ohren"},"content":{"rendered":"<div data-elementor-type=\"wp-page\" data-elementor-id=\"12886\" class=\"elementor elementor-12886 elementor-45\" data-elementor-settings=\"{&quot;ha_cmc_init_switcher&quot;:&quot;no&quot;}\">\n\t\t\t\t\t\t<section class=\"elementor-section elementor-top-section elementor-element elementor-element-7b0fb9b elementor-section-content-middle elementor-section-boxed elementor-section-height-default elementor-section-height-default\" data-id=\"7b0fb9b\" data-element_type=\"section\" data-settings=\"{&quot;background_background&quot;:&quot;classic&quot;,&quot;_ha_eqh_enable&quot;:false}\">\n\t\t\t\t\t\t<div class=\"elementor-container elementor-column-gap-default\">\n\t\t\t\t\t<div class=\"elementor-column elementor-col-50 elementor-top-column elementor-element elementor-element-128a1c5\" data-id=\"128a1c5\" data-element_type=\"column\">\n\t\t\t<div class=\"elementor-widget-wrap elementor-element-populated\">\n\t\t\t\t\t\t<div class=\"elementor-element elementor-element-9b2a57d elementor-widget elementor-widget-text-editor\" data-id=\"9b2a57d\" data-element_type=\"widget\" data-widget_type=\"text-editor.default\">\n\t\t\t\t<div class=\"elementor-widget-container\">\n\t\t\t\t\t\t\tDie<strong>Otoplastik <\/strong> wird bei Kindern, Frauen oder M\u00e4nnern unter \u00f6rtlicher Bet\u00e4ubung oder Vollnarkose durchgef\u00fchrt. Es gibt verschiedene Varianten der Sch\u00f6nheitsoperation bei abstehenden Ohren, je nachdem, ob die Concha: die Ohrmuschel, verkleinert werden soll oder ob die Anthelixfalte: die runde Falte unmittelbar au\u00dferhalb der Concha, in der richtigen Position fixiert werden soll.\n\t\t\t\t\t\t<\/div>\n\t\t\t\t<\/div>\n\t\t\t\t<div class=\"elementor-element elementor-element-b6e5014 elementor-widget elementor-widget-text-editor\" data-id=\"b6e5014\" data-element_type=\"widget\" data-widget_type=\"text-editor.default\">\n\t\t\t\t<div class=\"elementor-widget-container\">\n\t\t\t\t\t\t\tDer Eingriff der Otoplastik korrigiert Fehlstellungen der Ohren. Die Korrekturen k\u00f6nnen isoliert oder erg\u00e4nzend durchgef\u00fchrt werden, um symmetrische Ohren und eine gewisse Harmonisierung zu erreichen.\n\t\t\t\t\t\t<\/div>\n\t\t\t\t<\/div>\n\t\t\t\t<div class=\"elementor-element elementor-element-b0ee30b elementor-widget elementor-widget-text-editor\" data-id=\"b0ee30b\" data-element_type=\"widget\" data-widget_type=\"text-editor.default\">\n\t\t\t\t<div class=\"elementor-widget-container\">\n\t\t\t\t\t\t\tDas Operationsprogramm f\u00fcr die <strong>kosmetische Ohrenkorrektur in der T\u00fcrkei<\/strong> wird in einem pr\u00e4operativen Beratungsgespr\u00e4ch von <a href=\"https:\/\/www.polycliniqueplus.com\/de\/\">unserem Chirurgen<\/a> festgelegt.\nDer h\u00e4ufigste Eingriff ist die Korrektur abstehender Ohren: Die Ohrmuschel verl\u00e4uft nicht mehr parallel zum Sch\u00e4del.\n\t\t\t\t\t\t<\/div>\n\t\t\t\t<\/div>\n\t\t\t\t<div class=\"elementor-element elementor-element-d72ece9 elementor-widget elementor-widget-text-editor\" data-id=\"d72ece9\" data-element_type=\"widget\" data-widget_type=\"text-editor.default\">\n\t\t\t\t<div class=\"elementor-widget-container\">\n\t\t\t\t\t\t\t<p>Bei abstehenden Ohren, umgangssprachlich auch Kohlblattohren genannt, wird die abstehende Ohrmuschel wieder in ihre normale Position gebracht und ihr ein Relief verliehen, wenn sie flach oder schlecht geformt ist.<\/p>\n\t\t\t\t\t\t<\/div>\n\t\t\t\t<\/div>\n\t\t\t\t\t<\/div>\n\t\t<\/div>\n\t\t\t\t<div class=\"elementor-column elementor-col-50 elementor-top-column elementor-element elementor-element-62bd281\" data-id=\"62bd281\" data-element_type=\"column\">\n\t\t\t<div class=\"elementor-widget-wrap elementor-element-populated\">\n\t\t\t\t\t\t<div class=\"elementor-element elementor-element-140286c elementor-widget elementor-widget-image\" data-id=\"140286c\" data-element_type=\"widget\" data-widget_type=\"image.default\">\n\t\t\t\t<div class=\"elementor-widget-container\">\n\t\t\t\t\t\t\t\t\t\t<figure class=\"wp-caption\">\n\t\t\t\t\t\t\t\t\t\t<noscript><img fetchpriority=\"high\" decoding=\"async\" width=\"574\" height=\"586\" src=\"https:\/\/www.polycliniqueplus.com\/wp-content\/uploads\/2021\/03\/otoplastie_turquie.jpg\" class=\"attachment-large size-large wp-image-12612\" alt srcset=\"https:\/\/www.polycliniqueplus.com\/wp-content\/uploads\/2021\/03\/otoplastie_turquie.jpg 574w, https:\/\/www.polycliniqueplus.com\/wp-content\/uploads\/2021\/03\/otoplastie_turquie-294x300.jpg 294w\" sizes=\"(max-width: 574px) 100vw, 574px\"><\/noscript><img fetchpriority=\"high\" decoding=\"async\" width=\"574\" height=\"586\" src=\"data:image\/svg+xml,%3Csvg%20xmlns%3D%22http%3A%2F%2Fwww.w3.org%2F2000%2Fsvg%22%20viewBox%3D%220%200%20574%20586%22%3E%3C%2Fsvg%3E\" class=\"attachment-large size-large wp-image-12612 lazyload\" alt srcset=\"data:image\/svg+xml,%3Csvg%20xmlns%3D%22http%3A%2F%2Fwww.w3.org%2F2000%2Fsvg%22%20viewBox%3D%220%200%20574%20586%22%3E%3C%2Fsvg%3E 574w\" sizes=\"(max-width: 574px) 100vw, 574px\" data-srcset=\"https:\/\/www.polycliniqueplus.com\/wp-content\/uploads\/2021\/03\/otoplastie_turquie.jpg 574w, https:\/\/www.polycliniqueplus.com\/wp-content\/uploads\/2021\/03\/otoplastie_turquie-294x300.jpg 294w\" data-src=\"https:\/\/www.polycliniqueplus.com\/wp-content\/uploads\/2021\/03\/otoplastie_turquie.jpg\">\t\t\t\t\t\t\t\t\t\t\t<figcaption class=\"widget-image-caption wp-caption-text\">Otoplastik T\u00fcrkei<\/figcaption>\n\t\t\t\t\t\t\t\t\t\t<\/figure>\n\t\t\t\t\t\t\t<\/div>\n\t\t\t\t<\/div>\n\t\t\t\t\t<\/div>\n\t\t<\/div>\n\t\t\t\t\t<\/div>\n\t\t<\/section>\n\t\t\t\t<section class=\"elementor-section elementor-top-section elementor-element elementor-element-8afc5a7 elementor-section-boxed elementor-section-height-default elementor-section-height-default\" data-id=\"8afc5a7\" data-element_type=\"section\" data-settings=\"{&quot;background_background&quot;:&quot;classic&quot;,&quot;_ha_eqh_enable&quot;:false}\">\n\t\t\t\t\t\t<div class=\"elementor-container elementor-column-gap-default\">\n\t\t\t\t\t<div class=\"elementor-column elementor-col-100 elementor-top-column elementor-element elementor-element-13646f2\" data-id=\"13646f2\" data-element_type=\"column\">\n\t\t\t<div class=\"elementor-widget-wrap elementor-element-populated\">\n\t\t\t\t\t\t<div class=\"elementor-element elementor-element-658f05c elementor-widget elementor-widget-text-editor\" data-id=\"658f05c\" data-element_type=\"widget\" data-widget_type=\"text-editor.default\">\n\t\t\t\t<div class=\"elementor-widget-container\">\n\t\t\t\t\t\t\t<style>\nhtml body a.whatsapp-button {\n    display: inline-block;\n    background-color: #25D366;\n    font-size: 16px;\n    font-weight: bold;\n    padding: 12px 20px;\n    text-align: center;\n    text-decoration: none;\n    border-radius: 5px;\n    box-shadow: 0 4px 6px rgba(0, 0, 0, 0.1);\n    transition: background-color 0.3s ease, transform 0.2s ease;\n    color: white!important;\n}\n\n.whatsapp-button:hover {\n    background-color: #1EBE54;\n    transform: translateY(-2px);\n}\n\n.whatsapp-button:active {\n    transform: translateY(0);\n}\n\n.align_center {\n    display: block;\n    text-align: center;\n    padding: 30px 0px;\n}\n\n<\/style>\n<div class=\"align_center\">\n<a href=\"https:\/\/api.whatsapp.com\/send?phone=+33635235712&amp;&amp;text=Hallo, ich w\u00fcrde gerne Ihre Interventionen und Preise kennenlernen!\" class=\"whatsapp-button\" target=\"_blank\">\n    Klicken Sie f\u00fcr ein kostenloses Whatsapp-Angebot\n<\/a>\n<\/div>\t\t\t\t\t\t<\/div>\n\t\t\t\t<\/div>\n\t\t\t\t\t<\/div>\n\t\t<\/div>\n\t\t\t\t\t<\/div>\n\t\t<\/section>\n\t\t\t\t<section class=\"elementor-section elementor-top-section elementor-element elementor-element-6f39918 elementor-section-boxed elementor-section-height-default elementor-section-height-default\" data-id=\"6f39918\" data-element_type=\"section\" data-settings=\"{&quot;background_background&quot;:&quot;classic&quot;,&quot;_ha_eqh_enable&quot;:false}\">\n\t\t\t\t\t\t<div class=\"elementor-container elementor-column-gap-default\">\n\t\t\t\t\t<div class=\"elementor-column elementor-col-100 elementor-top-column elementor-element elementor-element-a8ec479\" data-id=\"a8ec479\" data-element_type=\"column\">\n\t\t\t<div class=\"elementor-widget-wrap elementor-element-populated\">\n\t\t\t\t\t\t<div class=\"elementor-element elementor-element-71be676 elementor-widget elementor-widget-text-editor\" data-id=\"71be676\" data-element_type=\"widget\" data-widget_type=\"text-editor.default\">\n\t\t\t\t<div class=\"elementor-widget-container\">\n\t\t\t\t\t\t\t<h2>Ablauf des Otoplastik-Eingriffs<\/h2>\nDrei Formen der An\u00e4sthesie sind denkbar\n<ul class=\"liste-page\">\n \t<li>Eine \u00f6rtliche Bet\u00e4ubung: macht die Ohren taub<\/li>\n \t<li>Vigilan\u00e4sthesie: Lokalan\u00e4sthesie mit intraven\u00f6s verabreichten Beruhigungsmitteln<\/li>\n \t<li>Eine Vollnarkose: Einschlafen w\u00e4hrend der gesamten Dauer der Operation<\/li>\n<\/ul>\nDer An\u00e4sthesist und der Chirurg werden sich mit dem Patienten (oder der Patientin) austauschen, um eine geeignete An\u00e4sthesie auszuw\u00e4hlen.\n\nHinter dem Ohr wird ein Einschnitt gemacht, die Knorpel werden sichtbar gemacht, sie k\u00f6nnen an der Vorderseite geraspelt werden, um sie weicher zu machen, der retroaurikul\u00e4re Muskel kann reseziert werden.\n\nAnschlie\u00dfend wird der Knorpel (Anthelix) durch N\u00e4hte gefaltet und die Concha eingef\u00fchrt.\nAnschlie\u00dfend wird eine retroaurikul\u00e4re Naht mit einem Faden aus der Sch\u00f6nheitschirurgie durchgef\u00fchrt und mit einem volumin\u00f6sen Verband abgedeckt.\t\t\t\t\t\t<\/div>\n\t\t\t\t<\/div>\n\t\t\t\t\t<\/div>\n\t\t<\/div>\n\t\t\t\t\t<\/div>\n\t\t<\/section>\n\t\t\t\t<section class=\"elementor-section elementor-top-section elementor-element elementor-element-18ad29a elementor-section-boxed elementor-section-height-default elementor-section-height-default\" data-id=\"18ad29a\" data-element_type=\"section\" data-settings=\"{&quot;background_background&quot;:&quot;classic&quot;,&quot;_ha_eqh_enable&quot;:false}\">\n\t\t\t\t\t\t<div class=\"elementor-container elementor-column-gap-default\">\n\t\t\t\t\t<div class=\"elementor-column elementor-col-100 elementor-top-column elementor-element elementor-element-d7865ae\" data-id=\"d7865ae\" data-element_type=\"column\">\n\t\t\t<div class=\"elementor-widget-wrap elementor-element-populated\">\n\t\t\t\t\t\t<div class=\"elementor-element elementor-element-04b2ad9 elementor-widget elementor-widget-heading\" data-id=\"04b2ad9\" data-element_type=\"widget\" data-widget_type=\"heading.default\">\n\t\t\t\t<div class=\"elementor-widget-container\">\n\t\t\t<h4 class=\"elementor-heading-title elementor-size-default\">SCHNELLER UND 100% KOSTENLOSER ONLINE-KOSTENVORANSCHLAG<\/h4>\t\t<\/div>\n\t\t\t\t<\/div>\n\t\t\t\t<div class=\"elementor-element elementor-element-99192fe elementor-align-center elementor-widget elementor-widget-button\" data-id=\"99192fe\" data-element_type=\"widget\" data-widget_type=\"button.default\">\n\t\t\t\t<div class=\"elementor-widget-container\">\n\t\t\t\t\t<div class=\"elementor-button-wrapper\">\n\t\t\t<a class=\"elementor-button elementor-button-link elementor-size-sm\" href=\"https:\/\/www.polycliniqueplus.com\/de\/kostenvoranschlag\/\">\n\t\t\t\t\t\t<span class=\"elementor-button-content-wrapper\">\n\t\t\t\t\t\t<span class=\"elementor-button-icon\">\n\t\t\t\t<i aria-hidden=\"true\" class=\"fas fa-arrow-right\"><\/i>\t\t\t<\/span>\n\t\t\t\t\t\t\t\t\t<span class=\"elementor-button-text\">Kostenvoranschlag Otoplastik T\u00fcrkei<\/span>\n\t\t\t\t\t<\/span>\n\t\t\t\t\t<\/a>\n\t\t<\/div>\n\t\t\t\t<\/div>\n\t\t\t\t<\/div>\n\t\t\t\t\t<\/div>\n\t\t<\/div>\n\t\t\t\t\t<\/div>\n\t\t<\/section>\n\t\t\t\t<section class=\"elementor-section elementor-top-section elementor-element elementor-element-6944d401 elementor-section-boxed elementor-section-height-default elementor-section-height-default\" data-id=\"6944d401\" data-element_type=\"section\" data-settings=\"{&quot;_ha_eqh_enable&quot;:false}\">\n\t\t\t\t\t\t<div class=\"elementor-container elementor-column-gap-default\">\n\t\t\t\t\t<div class=\"elementor-column elementor-col-100 elementor-top-column elementor-element elementor-element-179505f2\" data-id=\"179505f2\" data-element_type=\"column\">\n\t\t\t<div class=\"elementor-widget-wrap elementor-element-populated\">\n\t\t\t\t\t\t<div class=\"elementor-element elementor-element-1d6fac78 elementor-widget elementor-widget-text-editor\" data-id=\"1d6fac78\" data-element_type=\"widget\" data-widget_type=\"text-editor.default\">\n\t\t\t\t<div class=\"elementor-widget-container\">\n\t\t\t\t\t\t\t<h2>Die Nachwirkungen der kosmetischen Ohrchirurgie<\/h2>\n<ul class=\"liste-page\">\n \t<li>Es k\u00f6nnen m\u00e4\u00dfige Schmerzen auftreten, die mit Schmerzmitteln gelindert werden.<\/li>\n \t<li>Nach dem Eingriff sind mehrere Tage lang Bluterg\u00fcsse (blaue Flecken) am Ohr sowie ein \u00d6dem (geschwollenes Ohr) vorhanden.<\/li>\n \t<li>Das geschwollene Aussehen des Ohrs beim Abnehmen des Verbands verschwindet schnell.<\/li>\n \t<li>Der Helmverband wird bei Erwachsenen am n\u00e4chsten Tag und bei Kindern etwa am dritten Tag abgenommen.<\/li>\n \t<li>Acht Tage nach der Entfernung des Verbands wird der retroaurikul\u00e4re Sch\u00f6nheitsoperationsfaden entfernt.<\/li>\n \t<li>Das Ergebnis einer Otoplastik in der T\u00fcrkei wird zwischen einem und drei Monaten sp\u00fcrbar sein.<\/li>\n<\/ul>\t\t\t\t\t\t<\/div>\n\t\t\t\t<\/div>\n\t\t\t\t\t<\/div>\n\t\t<\/div>\n\t\t\t\t\t<\/div>\n\t\t<\/section>\n\t\t\t\t<\/div>\n\t\t","protected":false},"excerpt":{"rendered":"<p>DieOtoplastik wird bei Kindern, Frauen oder M\u00e4nnern unter \u00f6rtlicher Bet\u00e4ubung oder Vollnarkose durchgef\u00fchrt. Es gibt verschiedene Varianten der Sch\u00f6nheitsoperation bei abstehenden Ohren, je nachdem, ob die Concha: die Ohrmuschel, verkleinert werden soll oder ob die Anthelixfalte: die runde Falte unmittelbar au\u00dferhalb der Concha, in der richtigen Position fixiert werden soll. Der Eingriff der Otoplastik korrigiert [&hellip;]<\/p>\n","protected":false},"author":1,"featured_media":12486,"parent":0,"menu_order":0,"comment_status":"closed","ping_status":"closed","template":"","meta":{"footnotes":""},"class_list":["post-12886","page","type-page","status-publish","has-post-thumbnail","hentry"],"yoast_head":"<!-- This site is optimized with the Yoast SEO plugin v27.3 - https:\/\/yoast.com\/product\/yoast-seo-wordpress\/ -->\n<title>Otoplastik T\u00fcrkei: Preise f\u00fcr kosmetische Chirurgie abstehender Ohren<\/title>\n<meta name=\"description\" content=\"Otoplastik T\u00fcrkei: G\u00fcnstige Sch\u00f6nheitsoperation f\u00fcr abstehende Ohren, um Anomalien des Ohrknorpels und oder vergr\u00f6\u00dferte Ohren zu korrigieren. Kostenloser Kostenvoranschlag.\" \/>\n<meta name=\"robots\" content=\"index, follow, max-snippet:-1, max-video-preview:-1, noimageindex\" \/>\n<link rel=\"canonical\" href=\"https:\/\/www.polycliniqueplus.com\/de\/otoplastik-tuerkei\/\" \/>\n<meta property=\"og:locale\" content=\"de_DE\" \/>\n<meta property=\"og:type\" content=\"article\" \/>\n<meta property=\"og:title\" content=\"Otoplastik T\u00fcrkei: Preise f\u00fcr kosmetische Chirurgie abstehender Ohren\" \/>\n<meta property=\"og:description\" content=\"Otoplastik T\u00fcrkei: G\u00fcnstige Sch\u00f6nheitsoperation f\u00fcr abstehende Ohren, um Anomalien des Ohrknorpels und oder vergr\u00f6\u00dferte Ohren zu korrigieren. Kostenloser Kostenvoranschlag.\" \/>\n<meta property=\"og:url\" content=\"https:\/\/www.polycliniqueplus.com\/de\/otoplastik-tuerkei\/\" \/>\n<meta property=\"og:site_name\" content=\"Chirurgie esthetique Turquie : Prix interventions meilleures cliniques Istanbul\" \/>\n<meta property=\"article:publisher\" content=\"https:\/\/www.facebook.com\/polycliniqueplus\" \/>\n<meta property=\"article:modified_time\" content=\"2023-01-19T07:10:04+00:00\" \/>\n<meta property=\"og:image\" content=\"https:\/\/www.polycliniqueplus.com\/wp-content\/uploads\/2017\/06\/otoplastie-turquie-pas-cher.jpg\" \/>\n\t<meta property=\"og:image:width\" content=\"350\" \/>\n\t<meta property=\"og:image:height\" content=\"230\" \/>\n\t<meta property=\"og:image:type\" content=\"image\/jpeg\" \/>\n<meta name=\"twitter:card\" content=\"summary_large_image\" \/>\n<meta name=\"twitter:site\" content=\"@polyclinique1\" \/>\n<meta name=\"twitter:label1\" content=\"Gesch\u00e4tzte Lesezeit\" \/>\n\t<meta name=\"twitter:data1\" content=\"3\u00a0Minuten\" \/>\n<script type=\"application\/ld+json\" class=\"yoast-schema-graph\">{\"@context\":\"https:\\\/\\\/schema.org\",\"@graph\":[{\"@type\":\"WebPage\",\"@id\":\"https:\\\/\\\/www.polycliniqueplus.com\\\/de\\\/otoplastik-tuerkei\\\/\",\"url\":\"https:\\\/\\\/www.polycliniqueplus.com\\\/de\\\/otoplastik-tuerkei\\\/\",\"name\":\"Otoplastik T\u00fcrkei: Preise f\u00fcr kosmetische Chirurgie abstehender Ohren\",\"isPartOf\":{\"@id\":\"https:\\\/\\\/www.polycliniqueplus.com\\\/de\\\/#website\"},\"primaryImageOfPage\":{\"@id\":\"https:\\\/\\\/www.polycliniqueplus.com\\\/de\\\/otoplastik-tuerkei\\\/#primaryimage\"},\"image\":{\"@id\":\"https:\\\/\\\/www.polycliniqueplus.com\\\/de\\\/otoplastik-tuerkei\\\/#primaryimage\"},\"thumbnailUrl\":\"https:\\\/\\\/www.polycliniqueplus.com\\\/wp-content\\\/uploads\\\/2017\\\/06\\\/otoplastie-turquie-pas-cher.jpg\",\"datePublished\":\"2017-06-18T16:56:28+00:00\",\"dateModified\":\"2023-01-19T07:10:04+00:00\",\"description\":\"Otoplastik T\u00fcrkei: G\u00fcnstige Sch\u00f6nheitsoperation f\u00fcr abstehende Ohren, um Anomalien des Ohrknorpels und oder vergr\u00f6\u00dferte Ohren zu korrigieren. Kostenloser Kostenvoranschlag.\",\"breadcrumb\":{\"@id\":\"https:\\\/\\\/www.polycliniqueplus.com\\\/de\\\/otoplastik-tuerkei\\\/#breadcrumb\"},\"inLanguage\":\"de\",\"potentialAction\":[{\"@type\":\"ReadAction\",\"target\":[\"https:\\\/\\\/www.polycliniqueplus.com\\\/de\\\/otoplastik-tuerkei\\\/\"]}]},{\"@type\":\"ImageObject\",\"inLanguage\":\"de\",\"@id\":\"https:\\\/\\\/www.polycliniqueplus.com\\\/de\\\/otoplastik-tuerkei\\\/#primaryimage\",\"url\":\"https:\\\/\\\/www.polycliniqueplus.com\\\/wp-content\\\/uploads\\\/2017\\\/06\\\/otoplastie-turquie-pas-cher.jpg\",\"contentUrl\":\"https:\\\/\\\/www.polycliniqueplus.com\\\/wp-content\\\/uploads\\\/2017\\\/06\\\/otoplastie-turquie-pas-cher.jpg\",\"width\":350,\"height\":230},{\"@type\":\"BreadcrumbList\",\"@id\":\"https:\\\/\\\/www.polycliniqueplus.com\\\/de\\\/otoplastik-tuerkei\\\/#breadcrumb\",\"itemListElement\":[{\"@type\":\"ListItem\",\"position\":1,\"name\":\"Accueil\",\"item\":\"https:\\\/\\\/www.polycliniqueplus.com\\\/de\\\/\"},{\"@type\":\"ListItem\",\"position\":2,\"name\":\"Otoplastik T\u00fcrkei: \u00c4sthetische Chirurgie abstehender Ohren\"}]},{\"@type\":\"WebSite\",\"@id\":\"https:\\\/\\\/www.polycliniqueplus.com\\\/de\\\/#website\",\"url\":\"https:\\\/\\\/www.polycliniqueplus.com\\\/de\\\/\",\"name\":\"Chirurgie esthetique Turquie : Prix interventions meilleures cliniques Istanbul\",\"description\":\"Chirurgie esthetique Turquie prix pas cher\",\"publisher\":{\"@id\":\"https:\\\/\\\/www.polycliniqueplus.com\\\/de\\\/#organization\"},\"potentialAction\":[{\"@type\":\"SearchAction\",\"target\":{\"@type\":\"EntryPoint\",\"urlTemplate\":\"https:\\\/\\\/www.polycliniqueplus.com\\\/de\\\/?s={search_term_string}\"},\"query-input\":{\"@type\":\"PropertyValueSpecification\",\"valueRequired\":true,\"valueName\":\"search_term_string\"}}],\"inLanguage\":\"de\"},{\"@type\":\"Organization\",\"@id\":\"https:\\\/\\\/www.polycliniqueplus.com\\\/de\\\/#organization\",\"name\":\"Polycliniqueplus chirurgie esthetique Turquie\",\"url\":\"https:\\\/\\\/www.polycliniqueplus.com\\\/de\\\/\",\"logo\":{\"@type\":\"ImageObject\",\"inLanguage\":\"de\",\"@id\":\"https:\\\/\\\/www.polycliniqueplus.com\\\/de\\\/#\\\/schema\\\/logo\\\/image\\\/\",\"url\":\"https:\\\/\\\/www.polycliniqueplus.com\\\/wp-content\\\/uploads\\\/2021\\\/03\\\/cropped-add-box-fill.png\",\"contentUrl\":\"https:\\\/\\\/www.polycliniqueplus.com\\\/wp-content\\\/uploads\\\/2021\\\/03\\\/cropped-add-box-fill.png\",\"width\":512,\"height\":512,\"caption\":\"Polycliniqueplus chirurgie esthetique Turquie\"},\"image\":{\"@id\":\"https:\\\/\\\/www.polycliniqueplus.com\\\/de\\\/#\\\/schema\\\/logo\\\/image\\\/\"},\"sameAs\":[\"https:\\\/\\\/www.facebook.com\\\/polycliniqueplus\",\"https:\\\/\\\/x.com\\\/polyclinique1\",\"https:\\\/\\\/www.youtube.com\\\/channel\\\/UCAnK3TORJqflIuYGFa-JQDw\"]}]}<\/script>\n<!-- \/ Yoast SEO plugin. -->","yoast_head_json":{"title":"Otoplastik T\u00fcrkei: Preise f\u00fcr kosmetische Chirurgie abstehender Ohren","description":"Otoplastik T\u00fcrkei: G\u00fcnstige Sch\u00f6nheitsoperation f\u00fcr abstehende Ohren, um Anomalien des Ohrknorpels und oder vergr\u00f6\u00dferte Ohren zu korrigieren. Kostenloser Kostenvoranschlag.","robots":{"index":"index","follow":"follow","max-snippet":"max-snippet:-1","max-video-preview":"max-video-preview:-1","imageindex":"noimageindex"},"canonical":"https:\/\/www.polycliniqueplus.com\/de\/otoplastik-tuerkei\/","og_locale":"de_DE","og_type":"article","og_title":"Otoplastik T\u00fcrkei: Preise f\u00fcr kosmetische Chirurgie abstehender Ohren","og_description":"Otoplastik T\u00fcrkei: G\u00fcnstige Sch\u00f6nheitsoperation f\u00fcr abstehende Ohren, um Anomalien des Ohrknorpels und oder vergr\u00f6\u00dferte Ohren zu korrigieren. Kostenloser Kostenvoranschlag.","og_url":"https:\/\/www.polycliniqueplus.com\/de\/otoplastik-tuerkei\/","og_site_name":"Chirurgie esthetique Turquie : Prix interventions meilleures cliniques Istanbul","article_publisher":"https:\/\/www.facebook.com\/polycliniqueplus","article_modified_time":"2023-01-19T07:10:04+00:00","og_image":[{"width":350,"height":230,"url":"https:\/\/www.polycliniqueplus.com\/wp-content\/uploads\/2017\/06\/otoplastie-turquie-pas-cher.jpg","type":"image\/jpeg"}],"twitter_card":"summary_large_image","twitter_site":"@polyclinique1","twitter_misc":{"Gesch\u00e4tzte Lesezeit":"3\u00a0Minuten"},"schema":{"@context":"https:\/\/schema.org","@graph":[{"@type":"WebPage","@id":"https:\/\/www.polycliniqueplus.com\/de\/otoplastik-tuerkei\/","url":"https:\/\/www.polycliniqueplus.com\/de\/otoplastik-tuerkei\/","name":"Otoplastik T\u00fcrkei: Preise f\u00fcr kosmetische Chirurgie abstehender Ohren","isPartOf":{"@id":"https:\/\/www.polycliniqueplus.com\/de\/#website"},"primaryImageOfPage":{"@id":"https:\/\/www.polycliniqueplus.com\/de\/otoplastik-tuerkei\/#primaryimage"},"image":{"@id":"https:\/\/www.polycliniqueplus.com\/de\/otoplastik-tuerkei\/#primaryimage"},"thumbnailUrl":"https:\/\/www.polycliniqueplus.com\/wp-content\/uploads\/2017\/06\/otoplastie-turquie-pas-cher.jpg","datePublished":"2017-06-18T16:56:28+00:00","dateModified":"2023-01-19T07:10:04+00:00","description":"Otoplastik T\u00fcrkei: G\u00fcnstige Sch\u00f6nheitsoperation f\u00fcr abstehende Ohren, um Anomalien des Ohrknorpels und oder vergr\u00f6\u00dferte Ohren zu korrigieren. Kostenloser Kostenvoranschlag.","breadcrumb":{"@id":"https:\/\/www.polycliniqueplus.com\/de\/otoplastik-tuerkei\/#breadcrumb"},"inLanguage":"de","potentialAction":[{"@type":"ReadAction","target":["https:\/\/www.polycliniqueplus.com\/de\/otoplastik-tuerkei\/"]}]},{"@type":"ImageObject","inLanguage":"de","@id":"https:\/\/www.polycliniqueplus.com\/de\/otoplastik-tuerkei\/#primaryimage","url":"https:\/\/www.polycliniqueplus.com\/wp-content\/uploads\/2017\/06\/otoplastie-turquie-pas-cher.jpg","contentUrl":"https:\/\/www.polycliniqueplus.com\/wp-content\/uploads\/2017\/06\/otoplastie-turquie-pas-cher.jpg","width":350,"height":230},{"@type":"BreadcrumbList","@id":"https:\/\/www.polycliniqueplus.com\/de\/otoplastik-tuerkei\/#breadcrumb","itemListElement":[{"@type":"ListItem","position":1,"name":"Accueil","item":"https:\/\/www.polycliniqueplus.com\/de\/"},{"@type":"ListItem","position":2,"name":"Otoplastik T\u00fcrkei: \u00c4sthetische Chirurgie abstehender Ohren"}]},{"@type":"WebSite","@id":"https:\/\/www.polycliniqueplus.com\/de\/#website","url":"https:\/\/www.polycliniqueplus.com\/de\/","name":"Chirurgie esthetique Turquie : Prix interventions meilleures cliniques Istanbul","description":"Chirurgie esthetique Turquie prix pas cher","publisher":{"@id":"https:\/\/www.polycliniqueplus.com\/de\/#organization"},"potentialAction":[{"@type":"SearchAction","target":{"@type":"EntryPoint","urlTemplate":"https:\/\/www.polycliniqueplus.com\/de\/?s={search_term_string}"},"query-input":{"@type":"PropertyValueSpecification","valueRequired":true,"valueName":"search_term_string"}}],"inLanguage":"de"},{"@type":"Organization","@id":"https:\/\/www.polycliniqueplus.com\/de\/#organization","name":"Polycliniqueplus chirurgie esthetique Turquie","url":"https:\/\/www.polycliniqueplus.com\/de\/","logo":{"@type":"ImageObject","inLanguage":"de","@id":"https:\/\/www.polycliniqueplus.com\/de\/#\/schema\/logo\/image\/","url":"https:\/\/www.polycliniqueplus.com\/wp-content\/uploads\/2021\/03\/cropped-add-box-fill.png","contentUrl":"https:\/\/www.polycliniqueplus.com\/wp-content\/uploads\/2021\/03\/cropped-add-box-fill.png","width":512,"height":512,"caption":"Polycliniqueplus chirurgie esthetique Turquie"},"image":{"@id":"https:\/\/www.polycliniqueplus.com\/de\/#\/schema\/logo\/image\/"},"sameAs":["https:\/\/www.facebook.com\/polycliniqueplus","https:\/\/x.com\/polyclinique1","https:\/\/www.youtube.com\/channel\/UCAnK3TORJqflIuYGFa-JQDw"]}]}},"_links":{"self":[{"href":"https:\/\/www.polycliniqueplus.com\/de\/wp-json\/wp\/v2\/pages\/12886","targetHints":{"allow":["GET"]}}],"collection":[{"href":"https:\/\/www.polycliniqueplus.com\/de\/wp-json\/wp\/v2\/pages"}],"about":[{"href":"https:\/\/www.polycliniqueplus.com\/de\/wp-json\/wp\/v2\/types\/page"}],"author":[{"embeddable":true,"href":"https:\/\/www.polycliniqueplus.com\/de\/wp-json\/wp\/v2\/users\/1"}],"replies":[{"embeddable":true,"href":"https:\/\/www.polycliniqueplus.com\/de\/wp-json\/wp\/v2\/comments?post=12886"}],"version-history":[{"count":8,"href":"https:\/\/www.polycliniqueplus.com\/de\/wp-json\/wp\/v2\/pages\/12886\/revisions"}],"predecessor-version":[{"id":14444,"href":"https:\/\/www.polycliniqueplus.com\/de\/wp-json\/wp\/v2\/pages\/12886\/revisions\/14444"}],"wp:featuredmedia":[{"embeddable":true,"href":"https:\/\/www.polycliniqueplus.com\/de\/wp-json\/wp\/v2\/media\/12486"}],"wp:attachment":[{"href":"https:\/\/www.polycliniqueplus.com\/de\/wp-json\/wp\/v2\/media?parent=12886"}],"curies":[{"name":"wp","href":"https:\/\/api.w.org\/{rel}","templated":true}]}}