{"id":12863,"date":"2021-06-15T13:12:58","date_gmt":"2021-06-15T11:12:58","guid":{"rendered":"https:\/\/www.polycliniqueplus.com\/preisliste-schoenheitschirurgie-tuerkei-klare-und-transparente-preise-preise-ohne-versteckte-kosten\/"},"modified":"2023-01-12T11:21:43","modified_gmt":"2023-01-12T10:21:43","slug":"preise-chirurgie-tuerkei","status":"publish","type":"page","link":"https:\/\/www.polycliniqueplus.com\/de\/preise-chirurgie-tuerkei\/","title":{"rendered":"Preisliste Sch\u00f6nheitschirurgie T\u00fcrkei: klare und transparente Preise, Preise ohne versteckte Kosten"},"content":{"rendered":"\t\t<div data-elementor-type=\"wp-page\" data-elementor-id=\"12863\" class=\"elementor elementor-12863 elementor-6486\" data-elementor-settings=\"{&quot;ha_cmc_init_switcher&quot;:&quot;no&quot;}\">\n\t\t\t\t\t\t<section class=\"elementor-section elementor-top-section elementor-element elementor-element-cc99933 elementor-section-boxed elementor-section-height-default elementor-section-height-default\" data-id=\"cc99933\" data-element_type=\"section\" data-settings=\"{&quot;_ha_eqh_enable&quot;:false}\">\n\t\t\t\t\t\t<div class=\"elementor-container elementor-column-gap-default\">\n\t\t\t\t\t<div class=\"elementor-column elementor-col-100 elementor-top-column elementor-element elementor-element-6699fdc\" data-id=\"6699fdc\" data-element_type=\"column\">\n\t\t\t<div class=\"elementor-widget-wrap elementor-element-populated\">\n\t\t\t\t\t\t<div class=\"elementor-element elementor-element-cdff77b elementor-widget elementor-widget-text-editor\" data-id=\"cdff77b\" data-element_type=\"widget\" data-widget_type=\"text-editor.default\">\n\t\t\t\t<div class=\"elementor-widget-container\">\n\t\t\t\t\t\t\tDie <strong>Kosten f\u00fcr eine Sch\u00f6nheitsoperation in der T\u00fcrkei liegen zwischen 1000 und 4000 \u20ac<\/strong>, je nach Art des<strong>Eingriffs<\/strong>, der <strong>Klinik<\/strong> und dem <strong>Paket<\/strong>, das Sie w\u00e4hlen, sowie der Anzahl der Tage, die Sie im Krankenhaus verbringen m\u00fcssen.\n\n\t\t\t\t\t\t<\/div>\n\t\t\t\t<\/div>\n\t\t\t\t<div class=\"elementor-element elementor-element-a70638c elementor-widget elementor-widget-text-editor\" data-id=\"a70638c\" data-element_type=\"widget\" data-widget_type=\"text-editor.default\">\n\t\t\t\t<div class=\"elementor-widget-container\">\n\t\t\t\t\t\t\tDie folgende Tabelle bietet Ihnen umfassende Informationen zu den <b>Preisen f\u00fcr Sch\u00f6nheitsoperationen<\/b>, die von <b>Polycliniqueplus<\/b> angeboten werden.\n\n\t\t\t\t\t\t<\/div>\n\t\t\t\t<\/div>\n\t\t\t\t<div class=\"elementor-element elementor-element-37fb5b6 elementor-widget elementor-widget-text-editor\" data-id=\"37fb5b6\" data-element_type=\"widget\" data-widget_type=\"text-editor.default\">\n\t\t\t\t<div class=\"elementor-widget-container\">\n\t\t\t\t\t\t\tHier finden Sie eine \u00dcbersicht \u00fcber die Kosten f\u00fcr unsere versch. <u><b>Sch\u00f6nheitsoperationen und -behandlungen in der T\u00fcrkei<\/b><\/u> nach K\u00f6rperregionen d. h. Gesicht, Figur, Brust, Bauch, Ges\u00e4\u00df usw.\n\n\t\t\t\t\t\t<\/div>\n\t\t\t\t<\/div>\n\t\t\t\t<div class=\"elementor-element elementor-element-6007ffb elementor-widget elementor-widget-text-editor\" data-id=\"6007ffb\" data-element_type=\"widget\" data-widget_type=\"text-editor.default\">\n\t\t\t\t<div class=\"elementor-widget-container\">\n\t\t\t\t\t\t\tWenn Sie <b>mehrere t\u00fcrkische Eingriffe kombinieren<\/b> m\u00f6chten und Fragen zu den verschiedenen Behandlungen haben, wenden Sie sich an uns, unsere Berater werden Ihnen weitere Informationen geben.\n\n\t\t\t\t\t\t<\/div>\n\t\t\t\t<\/div>\n\t\t\t\t<div class=\"elementor-element elementor-element-9631a08 elementor-widget elementor-widget-text-editor\" data-id=\"9631a08\" data-element_type=\"widget\" data-widget_type=\"text-editor.default\">\n\t\t\t\t<div class=\"elementor-widget-container\">\n\t\t\t\t\t\t\tWir bieten <u><b>All-Inclusive-Pakete f\u00fcr Aufenthalt und Operationen in der T\u00fcrkei<\/b>\n<\/u> mit eingeschlossenen Kosten f\u00fcr Unterkunft und medizinische Handlungen.\t\t\t\t\t\t<\/div>\n\t\t\t\t<\/div>\n\t\t\t\t\t<\/div>\n\t\t<\/div>\n\t\t\t\t\t<\/div>\n\t\t<\/section>\n\t\t\t\t<section class=\"elementor-section elementor-top-section elementor-element elementor-element-712818a elementor-section-boxed elementor-section-height-default elementor-section-height-default\" data-id=\"712818a\" data-element_type=\"section\" data-settings=\"{&quot;background_background&quot;:&quot;classic&quot;,&quot;_ha_eqh_enable&quot;:false}\">\n\t\t\t\t\t\t<div class=\"elementor-container elementor-column-gap-default\">\n\t\t\t\t\t<div class=\"elementor-column elementor-col-100 elementor-top-column elementor-element elementor-element-b0d19f4\" data-id=\"b0d19f4\" data-element_type=\"column\">\n\t\t\t<div class=\"elementor-widget-wrap elementor-element-populated\">\n\t\t\t\t\t\t<div class=\"elementor-element elementor-element-515077f elementor-widget elementor-widget-text-editor\" data-id=\"515077f\" data-element_type=\"widget\" data-widget_type=\"text-editor.default\">\n\t\t\t\t<div class=\"elementor-widget-container\">\n\t\t\t\t\t\t\t<style>\r\nhtml body a.whatsapp-button {\r\n    display: inline-block;\r\n    background-color: #25D366;\r\n    font-size: 16px;\r\n    font-weight: bold;\r\n    padding: 12px 20px;\r\n    text-align: center;\r\n    text-decoration: none;\r\n    border-radius: 5px;\r\n    box-shadow: 0 4px 6px rgba(0, 0, 0, 0.1);\r\n    transition: background-color 0.3s ease, transform 0.2s ease;\r\n    color: white!important;\r\n}\r\n\r\n.whatsapp-button:hover {\r\n    background-color: #1EBE54;\r\n    transform: translateY(-2px);\r\n}\r\n\r\n.whatsapp-button:active {\r\n    transform: translateY(0);\r\n}\r\n\r\n.align_center {\r\n    display: block;\r\n    text-align: center;\r\n    padding: 30px 0px;\r\n}\r\n\r\n<\/style>\r\n<div class=\"align_center\">\r\n<a href=\"https:\/\/api.whatsapp.com\/send?phone=+33635235712&amp;&amp;text=Hallo, ich w\u00fcrde gerne Ihre Interventionen und Preise kennenlernen!\"\r\n    class=\"whatsapp-button\" target=\"_blank\">\r\n    Klicken Sie f\u00fcr ein kostenloses Whatsapp-Angebot\r\n<\/a>\r\n<\/div>\n\t\t\t\t\t\t<\/div>\n\t\t\t\t<\/div>\n\t\t\t\t\t<\/div>\n\t\t<\/div>\n\t\t\t\t\t<\/div>\n\t\t<\/section>\n\t\t\t\t<section class=\"elementor-section elementor-top-section elementor-element elementor-element-6565134 elementor-section-boxed elementor-section-height-default elementor-section-height-default\" data-id=\"6565134\" data-element_type=\"section\" data-settings=\"{&quot;_ha_eqh_enable&quot;:false}\">\n\t\t\t\t\t\t<div class=\"elementor-container elementor-column-gap-default\">\n\t\t\t\t\t<div class=\"elementor-column elementor-col-100 elementor-top-column elementor-element elementor-element-0305e64\" data-id=\"0305e64\" data-element_type=\"column\">\n\t\t\t<div class=\"elementor-widget-wrap elementor-element-populated\">\n\t\t\t\t\t\t<div class=\"elementor-element elementor-element-df9908f elementor-widget elementor-widget-heading\" data-id=\"df9908f\" data-element_type=\"widget\" data-widget_type=\"heading.default\">\n\t\t\t\t<div class=\"elementor-widget-container\">\n\t\t\t<h2 class=\"elementor-heading-title elementor-size-default\">Tarif- und Preisliste Sch\u00f6nheitschirurgie T\u00fcrkei alles inklusive<\/h2>\t\t<\/div>\n\t\t\t\t<\/div>\n\t\t\t\t\t<\/div>\n\t\t<\/div>\n\t\t\t\t\t<\/div>\n\t\t<\/section>\n\t\t\t\t<section class=\"elementor-section elementor-top-section elementor-element elementor-element-faac647 elementor-section-boxed elementor-section-height-default elementor-section-height-default\" data-id=\"faac647\" data-element_type=\"section\" data-settings=\"{&quot;_ha_eqh_enable&quot;:false}\">\n\t\t\t\t\t\t<div class=\"elementor-container elementor-column-gap-default\">\n\t\t\t\t\t<div class=\"elementor-column elementor-col-100 elementor-top-column elementor-element elementor-element-be52ed1\" data-id=\"be52ed1\" data-element_type=\"column\">\n\t\t\t<div class=\"elementor-widget-wrap elementor-element-populated\">\n\t\t\t\t\t\t<div class=\"elementor-element elementor-element-2338b65 elementor-widget elementor-widget-text-editor\" data-id=\"2338b65\" data-element_type=\"widget\" data-widget_type=\"text-editor.default\">\n\t\t\t\t<div class=\"elementor-widget-container\">\n\t\t\t\t\t\t\t<table border=\"1\">\n<thead>\n<tr>\n<th align=\"left\" width=\"354\">Brustoperation T\u00fcrkei<\/th>\n<th align=\"center\" valign=\"middle\" width=\"238\">Preis ab<\/th>\n<\/tr>\n<\/thead>\n<tbody>\n<tr>\n<td>Vergr\u00f6\u00dferung der Brust<\/td>\n<td align=\"center\" valign=\"middle\">2400\u20ac<\/td>\n<\/tr>\n<tr>\n<td>Bruststraffung<\/td>\n<td align=\"center\" valign=\"middle\">2100\u20ac<\/td>\n<\/tr>\n<tr>\n<td>Brustverkleinerung<\/td>\n<td align=\"center\" valign=\"middle\">2100\u20ac<\/td>\n<\/tr>\n<tr>\n<td>Gigantomastie (Brustverkleinerung+Bruststraffung)<\/td>\n<td align=\"center\" valign=\"middle\">2950\u20ac<\/td>\n<\/tr>\n<tr>\n<td>Gyn\u00e4komastie<\/td>\n<td align=\"center\" valign=\"middle\">2100\u20ac<\/td>\n<\/tr>\n<tr>\n<th align=\"left\">Silhouette Chirurgie T\u00fcrkei<\/th>\n<th align=\"center\" valign=\"middle\"> <\/th>\n<\/tr>\n<tr>\n<td>Fettabsaugung1 Zone<\/td>\n<td align=\"center\" valign=\"middle\">1600\u20ac<\/td>\n<\/tr>\n<tr>\n<td>Komplette Fettabsaugung<\/td>\n<td align=\"center\" valign=\"middle\">2050\u20ac<\/td>\n<\/tr>\n<tr>\n<td>Lipo Vaser<\/td>\n<td align=\"center\" valign=\"middle\">2650\u20ac<\/td>\n<\/tr>\n<tr>\n<td>Abdominoplastik<\/td>\n<td align=\"center\" valign=\"middle\">2100\u20ac<\/td>\n<\/tr>\n<tr>\n<td>Abdominal Etching (Bauchmuskeltraining)<\/td>\n<td align=\"center\" valign=\"middle\">3750\u20ac<\/td>\n<\/tr>\n<tr>\n<td>Lifting der Oberschenkel<\/td>\n<td align=\"center\" valign=\"middle\">1800\u20ac<\/td>\n<\/tr>\n<tr>\n<td>Lifting der Arme<\/td>\n<td align=\"center\" valign=\"middle\">1600\u20ac<\/td>\n<\/tr>\n<tr>\n<th align=\"left\">Gesichtschirurgie T\u00fcrkei<\/th>\n<th align=\"center\" valign=\"middle\"> <\/th>\n<\/tr>\n<tr>\n<td>Rhinoplastik<\/td>\n<td align=\"center\" valign=\"middle\">2000\u20ac<\/td>\n<\/tr>\n<tr>\n<td>Septoplastie<\/td>\n<td align=\"center\" valign=\"middle\">2350\u20ac<\/td>\n<\/tr>\n<tr>\n<td>Malar-Lifting<\/td>\n<td align=\"center\" valign=\"middle\">2100\u20ac<\/td>\n<\/tr>\n<tr>\n<td>Stirnlifting<\/td>\n<td align=\"center\" valign=\"middle\">2100\u20ac<\/td>\n<\/tr>\n<tr>\n<td>Lifting des Gesichts + Hals<\/td>\n<td align=\"center\" valign=\"middle\">2950\u20ac<\/td>\n<\/tr>\n<tr>\n<td>Komplettes Facelifting + Chirurgie 2 Augenlider<\/td>\n<td align=\"center\" valign=\"middle\">3350\u20ac<\/td>\n<\/tr>\n<tr>\n<td>Komplettes Facelifting + Chirurgie 4 Augenlider<\/td>\n<td align=\"center\" valign=\"middle\">3500 \u20ac<\/td>\n<\/tr>\n<tr>\n<td>Lip Lift<\/td>\n<td align=\"center\" valign=\"middle\">2750\u20ac<\/td>\n<\/tr>\n<\/tbody>\n<\/table>\n\t\t\t\t\t\t<\/div>\n\t\t\t\t<\/div>\n\t\t\t\t\t<\/div>\n\t\t<\/div>\n\t\t\t\t\t<\/div>\n\t\t<\/section>\n\t\t\t\t<section class=\"elementor-section elementor-top-section elementor-element elementor-element-da5fb3a elementor-section-boxed elementor-section-height-default elementor-section-height-default\" data-id=\"da5fb3a\" data-element_type=\"section\" data-settings=\"{&quot;_ha_eqh_enable&quot;:false}\">\n\t\t\t\t\t\t<div class=\"elementor-container elementor-column-gap-default\">\n\t\t\t\t\t<div class=\"elementor-column elementor-col-100 elementor-top-column elementor-element elementor-element-98169ea\" data-id=\"98169ea\" data-element_type=\"column\">\n\t\t\t<div class=\"elementor-widget-wrap elementor-element-populated\">\n\t\t\t\t\t\t<div class=\"elementor-element elementor-element-991eb66 elementor-button-info elementor-align-center elementor-widget elementor-widget-button\" data-id=\"991eb66\" data-element_type=\"widget\" data-widget_type=\"button.default\">\n\t\t\t\t<div class=\"elementor-widget-container\">\n\t\t\t\t\t<div class=\"elementor-button-wrapper\">\n\t\t\t<a class=\"elementor-button elementor-button-link elementor-size-sm\" href=\"https:\/\/www.polycliniqueplus.com\/de\/kostenvoranschlag\/\">\n\t\t\t\t\t\t<span class=\"elementor-button-content-wrapper\">\n\t\t\t\t\t\t\t\t\t<span class=\"elementor-button-text\">Kostenvoranschlag Chirurgie T\u00fcrkei<\/span>\n\t\t\t\t\t<\/span>\n\t\t\t\t\t<\/a>\n\t\t<\/div>\n\t\t\t\t<\/div>\n\t\t\t\t<\/div>\n\t\t\t\t\t<\/div>\n\t\t<\/div>\n\t\t\t\t\t<\/div>\n\t\t<\/section>\n\t\t\t\t<section class=\"elementor-section elementor-top-section elementor-element elementor-element-abd13fa elementor-section-boxed elementor-section-height-default elementor-section-height-default\" data-id=\"abd13fa\" data-element_type=\"section\" data-settings=\"{&quot;_ha_eqh_enable&quot;:false}\">\n\t\t\t\t\t\t<div class=\"elementor-container elementor-column-gap-default\">\n\t\t\t\t\t<div class=\"elementor-column elementor-col-100 elementor-top-column elementor-element elementor-element-12d1c69\" data-id=\"12d1c69\" data-element_type=\"column\">\n\t\t\t<div class=\"elementor-widget-wrap elementor-element-populated\">\n\t\t\t\t\t\t<div class=\"elementor-element elementor-element-aea90b4 elementor-widget elementor-widget-text-editor\" data-id=\"aea90b4\" data-element_type=\"widget\" data-widget_type=\"text-editor.default\">\n\t\t\t\t<div class=\"elementor-widget-container\">\n\t\t\t\t\t\t\t<h2>Welche Leistungen sind in den Pauschalangeboten f\u00fcr Sch\u00f6nheitsoperationen in der T\u00fcrkei enthalten?<\/h2>\nDie <strong>Kosten f\u00fcr eine<\/strong> von Polycliniqueplus angebotene <strong>Pauschale f\u00fcr Sch\u00f6nheitsoperationen in der T\u00fcrkei<\/strong> umfassen folgende Elemente:\n<ul class=\"liste-page\">\n \t<li><b>Unterbringung im Luxushotel<\/b> unweit der Klinik und in der N\u00e4he aller Annehmlichkeiten und Touristenattraktionen.<\/li>\n \t<li><b>Ihr Zimmer in der Klinik: <\/b> Ein angenehmer Raum f\u00fcr ein sanftes Erwachen. Postoperative Nachsorge durch das Pflegepersonal.<\/li>\n \t<li><b>Privater Transfer<\/b>: Ihnen steht ein Auto mit Fahrer zur Verf\u00fcgung, das Sie am Flughafen erwartet und Sie vom Flughafen zum Hotel und zur Klinik bringt.<\/li>\n \t<li>Wenn Sie einen <b>\u00dcbersetzer<\/b> ben\u00f6tigen, kann die Klinik Ihnen einen in der Sprache Ihrer Wahl zur Verf\u00fcgung stellen. Dies ist Teil der Pauschale.<\/li>\n \t<li>Die f\u00fcr den Eingriff notwendige <b>Konsultation<\/b> ist im Paket enthalten, sodass Sie direkt mit dem Chirurgen und dem An\u00e4sthesisten interagieren k\u00f6nnen.<\/li>\n \t<li> <b>Sch\u00f6nheitschirurgie: <\/b> Alle Kosten f\u00fcr eine Sch\u00f6nheitsoperation in der T\u00fcrkei sind in der Pauschale enthalten, z. B. An\u00e4sthesie, Medikamente usw. Artikel, die Sie nach der Operation ben\u00f6tigen k\u00f6nnten, sind ebenfalls Teil des Pakets, z. B. Pillen, Tabletten, medizinisches Shampoo, Kompressionskleidung&#8230;<\/li>\n<\/ul>\t\t\t\t\t\t<\/div>\n\t\t\t\t<\/div>\n\t\t\t\t\t<\/div>\n\t\t<\/div>\n\t\t\t\t\t<\/div>\n\t\t<\/section>\n\t\t\t\t<\/div>\n\t\t","protected":false},"excerpt":{"rendered":"<p>Die Kosten f\u00fcr eine Sch\u00f6nheitsoperation in der T\u00fcrkei liegen zwischen 1000 und 4000 \u20ac, je nach Art desEingriffs, der Klinik und dem Paket, das Sie w\u00e4hlen, sowie der Anzahl der Tage, die Sie im Krankenhaus verbringen m\u00fcssen. Die folgende Tabelle bietet Ihnen umfassende Informationen zu den Preisen f\u00fcr Sch\u00f6nheitsoperationen, die von Polycliniqueplus angeboten werden. Hier [&hellip;]<\/p>\n","protected":false},"author":1,"featured_media":0,"parent":0,"menu_order":0,"comment_status":"closed","ping_status":"closed","template":"","meta":{"footnotes":""},"class_list":["post-12863","page","type-page","status-publish","hentry"],"yoast_head":"<!-- This site is optimized with the Yoast SEO plugin v27.3 - https:\/\/yoast.com\/product\/yoast-seo-wordpress\/ -->\n<title>Preise Sch\u00f6nheitschirurgie T\u00fcrkei: All-Inclusive-Pakete g\u00fcnstiger Preis ohne versteckte Kosten<\/title>\n<meta name=\"description\" content=\"Tarife und Preise Sch\u00f6nheitschirurgie T\u00fcrkei: klare und transparente Preisgestaltung ohne versteckte Kosten nutzen Sie die Pauschalangebote f\u00fcr Sch\u00f6nheitschirurgie T\u00fcrkei, die unsere Agentur das ganze Jahr \u00fcber anbietet und kombinieren Sie Eingriffe in einem einzigen Aufenthalt und profitieren Sie von einem Rabatt von 60% und mehr.\" \/>\n<meta name=\"robots\" content=\"index, follow, max-snippet:-1, max-image-preview:large, max-video-preview:-1\" \/>\n<link rel=\"canonical\" href=\"https:\/\/www.polycliniqueplus.com\/de\/preise-chirurgie-tuerkei\/\" \/>\n<meta property=\"og:locale\" content=\"de_DE\" \/>\n<meta property=\"og:type\" content=\"article\" \/>\n<meta property=\"og:title\" content=\"Preise Sch\u00f6nheitschirurgie T\u00fcrkei: All-Inclusive-Pakete g\u00fcnstiger Preis ohne versteckte Kosten\" \/>\n<meta property=\"og:description\" content=\"Tarife und Preise Sch\u00f6nheitschirurgie T\u00fcrkei: klare und transparente Preisgestaltung ohne versteckte Kosten nutzen Sie die Pauschalangebote f\u00fcr Sch\u00f6nheitschirurgie T\u00fcrkei, die unsere Agentur das ganze Jahr \u00fcber anbietet und kombinieren Sie Eingriffe in einem einzigen Aufenthalt und profitieren Sie von einem Rabatt von 60% und mehr.\" \/>\n<meta property=\"og:url\" content=\"https:\/\/www.polycliniqueplus.com\/de\/preise-chirurgie-tuerkei\/\" \/>\n<meta property=\"og:site_name\" content=\"Chirurgie esthetique Turquie : Prix interventions meilleures cliniques Istanbul\" \/>\n<meta property=\"article:publisher\" content=\"https:\/\/www.facebook.com\/polycliniqueplus\" \/>\n<meta property=\"article:modified_time\" content=\"2023-01-12T10:21:43+00:00\" \/>\n<meta property=\"og:image\" content=\"https:\/\/www.polycliniqueplus.com\/wp-content\/uploads\/2021\/02\/interventions-de-chirurgie-plastique.jpg\" \/>\n\t<meta property=\"og:image:width\" content=\"574\" \/>\n\t<meta property=\"og:image:height\" content=\"586\" \/>\n\t<meta property=\"og:image:type\" content=\"image\/jpeg\" \/>\n<meta name=\"twitter:card\" content=\"summary_large_image\" \/>\n<meta name=\"twitter:site\" content=\"@polyclinique1\" \/>\n<meta name=\"twitter:label1\" content=\"Gesch\u00e4tzte Lesezeit\" \/>\n\t<meta name=\"twitter:data1\" content=\"3\u00a0Minuten\" \/>\n<script type=\"application\/ld+json\" class=\"yoast-schema-graph\">{\"@context\":\"https:\\\/\\\/schema.org\",\"@graph\":[{\"@type\":\"WebPage\",\"@id\":\"https:\\\/\\\/www.polycliniqueplus.com\\\/de\\\/preise-chirurgie-tuerkei\\\/\",\"url\":\"https:\\\/\\\/www.polycliniqueplus.com\\\/de\\\/preise-chirurgie-tuerkei\\\/\",\"name\":\"Preise Sch\u00f6nheitschirurgie T\u00fcrkei: All-Inclusive-Pakete g\u00fcnstiger Preis ohne versteckte Kosten\",\"isPartOf\":{\"@id\":\"https:\\\/\\\/www.polycliniqueplus.com\\\/de\\\/#website\"},\"datePublished\":\"2021-06-15T11:12:58+00:00\",\"dateModified\":\"2023-01-12T10:21:43+00:00\",\"description\":\"Tarife und Preise Sch\u00f6nheitschirurgie T\u00fcrkei: klare und transparente Preisgestaltung ohne versteckte Kosten nutzen Sie die Pauschalangebote f\u00fcr Sch\u00f6nheitschirurgie T\u00fcrkei, die unsere Agentur das ganze Jahr \u00fcber anbietet und kombinieren Sie Eingriffe in einem einzigen Aufenthalt und profitieren Sie von einem Rabatt von 60% und mehr.\",\"breadcrumb\":{\"@id\":\"https:\\\/\\\/www.polycliniqueplus.com\\\/de\\\/preise-chirurgie-tuerkei\\\/#breadcrumb\"},\"inLanguage\":\"de\",\"potentialAction\":[{\"@type\":\"ReadAction\",\"target\":[\"https:\\\/\\\/www.polycliniqueplus.com\\\/de\\\/preise-chirurgie-tuerkei\\\/\"]}]},{\"@type\":\"BreadcrumbList\",\"@id\":\"https:\\\/\\\/www.polycliniqueplus.com\\\/de\\\/preise-chirurgie-tuerkei\\\/#breadcrumb\",\"itemListElement\":[{\"@type\":\"ListItem\",\"position\":1,\"name\":\"Accueil\",\"item\":\"https:\\\/\\\/www.polycliniqueplus.com\\\/de\\\/\"},{\"@type\":\"ListItem\",\"position\":2,\"name\":\"Preisliste Sch\u00f6nheitschirurgie T\u00fcrkei: klare und transparente Preise, Preise ohne versteckte Kosten\"}]},{\"@type\":\"WebSite\",\"@id\":\"https:\\\/\\\/www.polycliniqueplus.com\\\/de\\\/#website\",\"url\":\"https:\\\/\\\/www.polycliniqueplus.com\\\/de\\\/\",\"name\":\"Chirurgie esthetique Turquie : Prix interventions meilleures cliniques Istanbul\",\"description\":\"Chirurgie esthetique Turquie prix pas cher\",\"publisher\":{\"@id\":\"https:\\\/\\\/www.polycliniqueplus.com\\\/de\\\/#organization\"},\"potentialAction\":[{\"@type\":\"SearchAction\",\"target\":{\"@type\":\"EntryPoint\",\"urlTemplate\":\"https:\\\/\\\/www.polycliniqueplus.com\\\/de\\\/?s={search_term_string}\"},\"query-input\":{\"@type\":\"PropertyValueSpecification\",\"valueRequired\":true,\"valueName\":\"search_term_string\"}}],\"inLanguage\":\"de\"},{\"@type\":\"Organization\",\"@id\":\"https:\\\/\\\/www.polycliniqueplus.com\\\/de\\\/#organization\",\"name\":\"Polycliniqueplus chirurgie esthetique Turquie\",\"url\":\"https:\\\/\\\/www.polycliniqueplus.com\\\/de\\\/\",\"logo\":{\"@type\":\"ImageObject\",\"inLanguage\":\"de\",\"@id\":\"https:\\\/\\\/www.polycliniqueplus.com\\\/de\\\/#\\\/schema\\\/logo\\\/image\\\/\",\"url\":\"https:\\\/\\\/www.polycliniqueplus.com\\\/wp-content\\\/uploads\\\/2021\\\/03\\\/cropped-add-box-fill.png\",\"contentUrl\":\"https:\\\/\\\/www.polycliniqueplus.com\\\/wp-content\\\/uploads\\\/2021\\\/03\\\/cropped-add-box-fill.png\",\"width\":512,\"height\":512,\"caption\":\"Polycliniqueplus chirurgie esthetique Turquie\"},\"image\":{\"@id\":\"https:\\\/\\\/www.polycliniqueplus.com\\\/de\\\/#\\\/schema\\\/logo\\\/image\\\/\"},\"sameAs\":[\"https:\\\/\\\/www.facebook.com\\\/polycliniqueplus\",\"https:\\\/\\\/x.com\\\/polyclinique1\",\"https:\\\/\\\/www.youtube.com\\\/channel\\\/UCAnK3TORJqflIuYGFa-JQDw\"]}]}<\/script>\n<!-- \/ Yoast SEO plugin. -->","yoast_head_json":{"title":"Preise Sch\u00f6nheitschirurgie T\u00fcrkei: All-Inclusive-Pakete g\u00fcnstiger Preis ohne versteckte Kosten","description":"Tarife und Preise Sch\u00f6nheitschirurgie T\u00fcrkei: klare und transparente Preisgestaltung ohne versteckte Kosten nutzen Sie die Pauschalangebote f\u00fcr Sch\u00f6nheitschirurgie T\u00fcrkei, die unsere Agentur das ganze Jahr \u00fcber anbietet und kombinieren Sie Eingriffe in einem einzigen Aufenthalt und profitieren Sie von einem Rabatt von 60% und mehr.","robots":{"index":"index","follow":"follow","max-snippet":"max-snippet:-1","max-image-preview":"max-image-preview:large","max-video-preview":"max-video-preview:-1"},"canonical":"https:\/\/www.polycliniqueplus.com\/de\/preise-chirurgie-tuerkei\/","og_locale":"de_DE","og_type":"article","og_title":"Preise Sch\u00f6nheitschirurgie T\u00fcrkei: All-Inclusive-Pakete g\u00fcnstiger Preis ohne versteckte Kosten","og_description":"Tarife und Preise Sch\u00f6nheitschirurgie T\u00fcrkei: klare und transparente Preisgestaltung ohne versteckte Kosten nutzen Sie die Pauschalangebote f\u00fcr Sch\u00f6nheitschirurgie T\u00fcrkei, die unsere Agentur das ganze Jahr \u00fcber anbietet und kombinieren Sie Eingriffe in einem einzigen Aufenthalt und profitieren Sie von einem Rabatt von 60% und mehr.","og_url":"https:\/\/www.polycliniqueplus.com\/de\/preise-chirurgie-tuerkei\/","og_site_name":"Chirurgie esthetique Turquie : Prix interventions meilleures cliniques Istanbul","article_publisher":"https:\/\/www.facebook.com\/polycliniqueplus","article_modified_time":"2023-01-12T10:21:43+00:00","og_image":[{"width":574,"height":586,"url":"https:\/\/www.polycliniqueplus.com\/wp-content\/uploads\/2021\/02\/interventions-de-chirurgie-plastique.jpg","type":"image\/jpeg"}],"twitter_card":"summary_large_image","twitter_site":"@polyclinique1","twitter_misc":{"Gesch\u00e4tzte Lesezeit":"3\u00a0Minuten"},"schema":{"@context":"https:\/\/schema.org","@graph":[{"@type":"WebPage","@id":"https:\/\/www.polycliniqueplus.com\/de\/preise-chirurgie-tuerkei\/","url":"https:\/\/www.polycliniqueplus.com\/de\/preise-chirurgie-tuerkei\/","name":"Preise Sch\u00f6nheitschirurgie T\u00fcrkei: All-Inclusive-Pakete g\u00fcnstiger Preis ohne versteckte Kosten","isPartOf":{"@id":"https:\/\/www.polycliniqueplus.com\/de\/#website"},"datePublished":"2021-06-15T11:12:58+00:00","dateModified":"2023-01-12T10:21:43+00:00","description":"Tarife und Preise Sch\u00f6nheitschirurgie T\u00fcrkei: klare und transparente Preisgestaltung ohne versteckte Kosten nutzen Sie die Pauschalangebote f\u00fcr Sch\u00f6nheitschirurgie T\u00fcrkei, die unsere Agentur das ganze Jahr \u00fcber anbietet und kombinieren Sie Eingriffe in einem einzigen Aufenthalt und profitieren Sie von einem Rabatt von 60% und mehr.","breadcrumb":{"@id":"https:\/\/www.polycliniqueplus.com\/de\/preise-chirurgie-tuerkei\/#breadcrumb"},"inLanguage":"de","potentialAction":[{"@type":"ReadAction","target":["https:\/\/www.polycliniqueplus.com\/de\/preise-chirurgie-tuerkei\/"]}]},{"@type":"BreadcrumbList","@id":"https:\/\/www.polycliniqueplus.com\/de\/preise-chirurgie-tuerkei\/#breadcrumb","itemListElement":[{"@type":"ListItem","position":1,"name":"Accueil","item":"https:\/\/www.polycliniqueplus.com\/de\/"},{"@type":"ListItem","position":2,"name":"Preisliste Sch\u00f6nheitschirurgie T\u00fcrkei: klare und transparente Preise, Preise ohne versteckte Kosten"}]},{"@type":"WebSite","@id":"https:\/\/www.polycliniqueplus.com\/de\/#website","url":"https:\/\/www.polycliniqueplus.com\/de\/","name":"Chirurgie esthetique Turquie : Prix interventions meilleures cliniques Istanbul","description":"Chirurgie esthetique Turquie prix pas cher","publisher":{"@id":"https:\/\/www.polycliniqueplus.com\/de\/#organization"},"potentialAction":[{"@type":"SearchAction","target":{"@type":"EntryPoint","urlTemplate":"https:\/\/www.polycliniqueplus.com\/de\/?s={search_term_string}"},"query-input":{"@type":"PropertyValueSpecification","valueRequired":true,"valueName":"search_term_string"}}],"inLanguage":"de"},{"@type":"Organization","@id":"https:\/\/www.polycliniqueplus.com\/de\/#organization","name":"Polycliniqueplus chirurgie esthetique Turquie","url":"https:\/\/www.polycliniqueplus.com\/de\/","logo":{"@type":"ImageObject","inLanguage":"de","@id":"https:\/\/www.polycliniqueplus.com\/de\/#\/schema\/logo\/image\/","url":"https:\/\/www.polycliniqueplus.com\/wp-content\/uploads\/2021\/03\/cropped-add-box-fill.png","contentUrl":"https:\/\/www.polycliniqueplus.com\/wp-content\/uploads\/2021\/03\/cropped-add-box-fill.png","width":512,"height":512,"caption":"Polycliniqueplus chirurgie esthetique Turquie"},"image":{"@id":"https:\/\/www.polycliniqueplus.com\/de\/#\/schema\/logo\/image\/"},"sameAs":["https:\/\/www.facebook.com\/polycliniqueplus","https:\/\/x.com\/polyclinique1","https:\/\/www.youtube.com\/channel\/UCAnK3TORJqflIuYGFa-JQDw"]}]}},"_links":{"self":[{"href":"https:\/\/www.polycliniqueplus.com\/de\/wp-json\/wp\/v2\/pages\/12863","targetHints":{"allow":["GET"]}}],"collection":[{"href":"https:\/\/www.polycliniqueplus.com\/de\/wp-json\/wp\/v2\/pages"}],"about":[{"href":"https:\/\/www.polycliniqueplus.com\/de\/wp-json\/wp\/v2\/types\/page"}],"author":[{"embeddable":true,"href":"https:\/\/www.polycliniqueplus.com\/de\/wp-json\/wp\/v2\/users\/1"}],"replies":[{"embeddable":true,"href":"https:\/\/www.polycliniqueplus.com\/de\/wp-json\/wp\/v2\/comments?post=12863"}],"version-history":[{"count":8,"href":"https:\/\/www.polycliniqueplus.com\/de\/wp-json\/wp\/v2\/pages\/12863\/revisions"}],"predecessor-version":[{"id":12871,"href":"https:\/\/www.polycliniqueplus.com\/de\/wp-json\/wp\/v2\/pages\/12863\/revisions\/12871"}],"wp:attachment":[{"href":"https:\/\/www.polycliniqueplus.com\/de\/wp-json\/wp\/v2\/media?parent=12863"}],"curies":[{"name":"wp","href":"https:\/\/api.w.org\/{rel}","templated":true}]}}