{"id":12846,"date":"2021-02-22T13:44:17","date_gmt":"2021-02-22T12:44:17","guid":{"rendered":"https:\/\/www.polycliniqueplus.com\/kostenvoranschlag-schoenheitschirurgie-tuerkei\/"},"modified":"2025-02-12T14:16:45","modified_gmt":"2025-02-12T13:16:45","slug":"kostenvoranschlag","status":"publish","type":"page","link":"https:\/\/www.polycliniqueplus.com\/de\/kostenvoranschlag\/","title":{"rendered":"Kostenvoranschlag Sch\u00f6nheitschirurgie T\u00fcrkei"},"content":{"rendered":"\t\t<div data-elementor-type=\"wp-page\" data-elementor-id=\"12846\" class=\"elementor elementor-12846 elementor-3750\" data-elementor-settings=\"{&quot;ha_cmc_init_switcher&quot;:&quot;no&quot;}\">\n\t\t\t\t\t\t<section class=\"elementor-section elementor-top-section elementor-element elementor-element-eaf645c elementor-section-boxed elementor-section-height-default elementor-section-height-default\" data-id=\"eaf645c\" data-element_type=\"section\" data-settings=\"{&quot;_ha_eqh_enable&quot;:false}\">\n\t\t\t\t\t\t<div class=\"elementor-container elementor-column-gap-default\">\n\t\t\t\t\t<div class=\"elementor-column elementor-col-100 elementor-top-column elementor-element elementor-element-a628216\" data-id=\"a628216\" data-element_type=\"column\">\n\t\t\t<div class=\"elementor-widget-wrap elementor-element-populated\">\n\t\t\t\t\t\t<div class=\"elementor-element elementor-element-0cfdd3f elementor-widget elementor-widget-text-editor\" data-id=\"0cfdd3f\" data-element_type=\"widget\" data-widget_type=\"text-editor.default\">\n\t\t\t\t<div class=\"elementor-widget-container\">\n\t\t\t\t\t\t\t<p>Um einen pers\u00f6nlichen Kostenvoranschlag f\u00fcr Ihre Sch\u00f6nheitsoperation in der T\u00fcrkei zu erhalten, f\u00fcllen Sie bitte alle Felder des folgenden Formulars aus (Alle Ihre pers\u00f6nlichen Daten werden vertraulich behandelt). Der Kostenvoranschlag f\u00fcr die Sch\u00f6nheitschirurgie in der T\u00fcrkei ist kostenlos und unverbindlich.<\/p>\n\t\t\t\t\t\t<\/div>\n\t\t\t\t<\/div>\n\t\t\t\t\t<\/div>\n\t\t<\/div>\n\t\t\t\t\t<\/div>\n\t\t<\/section>\n\t\t\t\t<section class=\"elementor-section elementor-top-section elementor-element elementor-element-2fcb4f35 elementor-section-boxed elementor-section-height-default elementor-section-height-default\" data-id=\"2fcb4f35\" data-element_type=\"section\" data-settings=\"{&quot;_ha_eqh_enable&quot;:false}\">\n\t\t\t\t\t\t<div class=\"elementor-container elementor-column-gap-default\">\n\t\t\t\t\t<div class=\"elementor-column elementor-col-100 elementor-top-column elementor-element elementor-element-58a7bd2f\" data-id=\"58a7bd2f\" data-element_type=\"column\">\n\t\t\t<div class=\"elementor-widget-wrap elementor-element-populated\">\n\t\t\t\t\t\t<div class=\"elementor-element elementor-element-49f25762 elementor-widget elementor-widget-text-editor\" data-id=\"49f25762\" data-element_type=\"widget\" data-widget_type=\"text-editor.default\">\n\t\t\t\t<div class=\"elementor-widget-container\">\n\t\t\t\t\t\t\t<style>\r\nhtml body a.whatsapp-button {\r\n    display: inline-block;\r\n    background-color: #25D366;\r\n    font-size: 16px;\r\n    font-weight: bold;\r\n    padding: 12px 20px;\r\n    text-align: center;\r\n    text-decoration: none;\r\n    border-radius: 5px;\r\n    box-shadow: 0 4px 6px rgba(0, 0, 0, 0.1);\r\n    transition: background-color 0.3s ease, transform 0.2s ease;\r\n    color: white!important;\r\n}\r\n\r\n.whatsapp-button:hover {\r\n    background-color: #1EBE54;\r\n    transform: translateY(-2px);\r\n}\r\n\r\n.whatsapp-button:active {\r\n    transform: translateY(0);\r\n}\r\n\r\n.align_center {\r\n    display: block;\r\n    text-align: center;\r\n    padding: 30px 0px;\r\n}\r\n\r\n<\/style>\r\n<div class=\"align_center\">\r\n<a href=\"https:\/\/api.whatsapp.com\/send?phone=+33635235712&amp;&amp;text=Hallo, ich w\u00fcrde gerne Ihre Interventionen und Preise kennenlernen!\"\r\n    class=\"whatsapp-button\" target=\"_blank\">\r\n    Klicken Sie f\u00fcr ein kostenloses Whatsapp-Angebot\r\n<\/a>\r\n<\/div>\t\t\t\t\t\t<\/div>\n\t\t\t\t<\/div>\n\t\t\t\t\t<\/div>\n\t\t<\/div>\n\t\t\t\t\t<\/div>\n\t\t<\/section>\n\t\t\t\t<\/div>\n\t\t","protected":false},"excerpt":{"rendered":"<p>Um einen pers\u00f6nlichen Kostenvoranschlag f\u00fcr Ihre Sch\u00f6nheitsoperation in der T\u00fcrkei zu erhalten, f\u00fcllen Sie bitte alle Felder des folgenden Formulars aus (Alle Ihre pers\u00f6nlichen Daten werden vertraulich behandelt). Der Kostenvoranschlag f\u00fcr die Sch\u00f6nheitschirurgie in der T\u00fcrkei ist kostenlos und unverbindlich.<\/p>\n","protected":false},"author":1,"featured_media":0,"parent":0,"menu_order":0,"comment_status":"closed","ping_status":"closed","template":"","meta":{"footnotes":""},"class_list":["post-12846","page","type-page","status-publish","hentry"],"yoast_head":"<!-- This site is optimized with the Yoast SEO plugin v27.3 - https:\/\/yoast.com\/product\/yoast-seo-wordpress\/ -->\n<title>Kostenvoranschlag Tarife Sch\u00f6nheitschirurgie T\u00fcrkei: Angebote, Preisnachl\u00e4sse Interventionen<\/title>\n<meta name=\"description\" content=\"Um einen pers\u00f6nlichen Kostenvoranschlag f\u00fcr Ihre Sch\u00f6nheitsoperation in der T\u00fcrkei zu erhalten, f\u00fcllen Sie bitte alle Felder des folgenden Formulars aus (Alle Ihre pers\u00f6nlichen Daten werden vertraulich behandelt). Der Kostenvoranschlag f\u00fcr die Sch\u00f6nheitschirurgie in der T\u00fcrkei ist kostenlos und unverbindlich.\" \/>\n<meta name=\"robots\" content=\"index, follow, max-snippet:-1, max-image-preview:large, max-video-preview:-1\" \/>\n<link rel=\"canonical\" href=\"https:\/\/www.polycliniqueplus.com\/de\/kostenvoranschlag\/\" \/>\n<meta property=\"og:locale\" content=\"de_DE\" \/>\n<meta property=\"og:type\" content=\"article\" \/>\n<meta property=\"og:title\" content=\"Kostenvoranschlag Tarife Sch\u00f6nheitschirurgie T\u00fcrkei: Angebote, Preisnachl\u00e4sse Interventionen\" \/>\n<meta property=\"og:description\" content=\"Um einen pers\u00f6nlichen Kostenvoranschlag f\u00fcr Ihre Sch\u00f6nheitsoperation in der T\u00fcrkei zu erhalten, f\u00fcllen Sie bitte alle Felder des folgenden Formulars aus (Alle Ihre pers\u00f6nlichen Daten werden vertraulich behandelt). Der Kostenvoranschlag f\u00fcr die Sch\u00f6nheitschirurgie in der T\u00fcrkei ist kostenlos und unverbindlich.\" \/>\n<meta property=\"og:url\" content=\"https:\/\/www.polycliniqueplus.com\/de\/kostenvoranschlag\/\" \/>\n<meta property=\"og:site_name\" content=\"Chirurgie esthetique Turquie : Prix interventions meilleures cliniques Istanbul\" \/>\n<meta property=\"article:publisher\" content=\"https:\/\/www.facebook.com\/polycliniqueplus\" \/>\n<meta property=\"article:modified_time\" content=\"2025-02-12T13:16:45+00:00\" \/>\n<meta property=\"og:image\" content=\"https:\/\/www.polycliniqueplus.com\/wp-content\/uploads\/2021\/02\/interventions-de-chirurgie-plastique.jpg\" \/>\n\t<meta property=\"og:image:width\" content=\"574\" \/>\n\t<meta property=\"og:image:height\" content=\"586\" \/>\n\t<meta property=\"og:image:type\" content=\"image\/jpeg\" \/>\n<meta name=\"twitter:card\" content=\"summary_large_image\" \/>\n<meta name=\"twitter:site\" content=\"@polyclinique1\" \/>\n<meta name=\"twitter:label1\" content=\"Gesch\u00e4tzte Lesezeit\" \/>\n\t<meta name=\"twitter:data1\" content=\"1\u00a0Minute\" \/>\n<script type=\"application\/ld+json\" class=\"yoast-schema-graph\">{\"@context\":\"https:\\\/\\\/schema.org\",\"@graph\":[{\"@type\":\"WebPage\",\"@id\":\"https:\\\/\\\/www.polycliniqueplus.com\\\/de\\\/kostenvoranschlag\\\/\",\"url\":\"https:\\\/\\\/www.polycliniqueplus.com\\\/de\\\/kostenvoranschlag\\\/\",\"name\":\"Kostenvoranschlag Tarife Sch\u00f6nheitschirurgie T\u00fcrkei: Angebote, Preisnachl\u00e4sse Interventionen\",\"isPartOf\":{\"@id\":\"https:\\\/\\\/www.polycliniqueplus.com\\\/de\\\/#website\"},\"datePublished\":\"2021-02-22T12:44:17+00:00\",\"dateModified\":\"2025-02-12T13:16:45+00:00\",\"description\":\"Um einen pers\u00f6nlichen Kostenvoranschlag f\u00fcr Ihre Sch\u00f6nheitsoperation in der T\u00fcrkei zu erhalten, f\u00fcllen Sie bitte alle Felder des folgenden Formulars aus (Alle Ihre pers\u00f6nlichen Daten werden vertraulich behandelt). Der Kostenvoranschlag f\u00fcr die Sch\u00f6nheitschirurgie in der T\u00fcrkei ist kostenlos und unverbindlich.\",\"breadcrumb\":{\"@id\":\"https:\\\/\\\/www.polycliniqueplus.com\\\/de\\\/kostenvoranschlag\\\/#breadcrumb\"},\"inLanguage\":\"de\",\"potentialAction\":[{\"@type\":\"ReadAction\",\"target\":[\"https:\\\/\\\/www.polycliniqueplus.com\\\/de\\\/kostenvoranschlag\\\/\"]}]},{\"@type\":\"BreadcrumbList\",\"@id\":\"https:\\\/\\\/www.polycliniqueplus.com\\\/de\\\/kostenvoranschlag\\\/#breadcrumb\",\"itemListElement\":[{\"@type\":\"ListItem\",\"position\":1,\"name\":\"Accueil\",\"item\":\"https:\\\/\\\/www.polycliniqueplus.com\\\/de\\\/\"},{\"@type\":\"ListItem\",\"position\":2,\"name\":\"Kostenvoranschlag Sch\u00f6nheitschirurgie T\u00fcrkei\"}]},{\"@type\":\"WebSite\",\"@id\":\"https:\\\/\\\/www.polycliniqueplus.com\\\/de\\\/#website\",\"url\":\"https:\\\/\\\/www.polycliniqueplus.com\\\/de\\\/\",\"name\":\"Chirurgie esthetique Turquie : Prix interventions meilleures cliniques Istanbul\",\"description\":\"Chirurgie esthetique Turquie prix pas cher\",\"publisher\":{\"@id\":\"https:\\\/\\\/www.polycliniqueplus.com\\\/de\\\/#organization\"},\"potentialAction\":[{\"@type\":\"SearchAction\",\"target\":{\"@type\":\"EntryPoint\",\"urlTemplate\":\"https:\\\/\\\/www.polycliniqueplus.com\\\/de\\\/?s={search_term_string}\"},\"query-input\":{\"@type\":\"PropertyValueSpecification\",\"valueRequired\":true,\"valueName\":\"search_term_string\"}}],\"inLanguage\":\"de\"},{\"@type\":\"Organization\",\"@id\":\"https:\\\/\\\/www.polycliniqueplus.com\\\/de\\\/#organization\",\"name\":\"Polycliniqueplus chirurgie esthetique Turquie\",\"url\":\"https:\\\/\\\/www.polycliniqueplus.com\\\/de\\\/\",\"logo\":{\"@type\":\"ImageObject\",\"inLanguage\":\"de\",\"@id\":\"https:\\\/\\\/www.polycliniqueplus.com\\\/de\\\/#\\\/schema\\\/logo\\\/image\\\/\",\"url\":\"https:\\\/\\\/www.polycliniqueplus.com\\\/wp-content\\\/uploads\\\/2021\\\/03\\\/cropped-add-box-fill.png\",\"contentUrl\":\"https:\\\/\\\/www.polycliniqueplus.com\\\/wp-content\\\/uploads\\\/2021\\\/03\\\/cropped-add-box-fill.png\",\"width\":512,\"height\":512,\"caption\":\"Polycliniqueplus chirurgie esthetique Turquie\"},\"image\":{\"@id\":\"https:\\\/\\\/www.polycliniqueplus.com\\\/de\\\/#\\\/schema\\\/logo\\\/image\\\/\"},\"sameAs\":[\"https:\\\/\\\/www.facebook.com\\\/polycliniqueplus\",\"https:\\\/\\\/x.com\\\/polyclinique1\",\"https:\\\/\\\/www.youtube.com\\\/channel\\\/UCAnK3TORJqflIuYGFa-JQDw\"]}]}<\/script>\n<!-- \/ Yoast SEO plugin. -->","yoast_head_json":{"title":"Kostenvoranschlag Tarife Sch\u00f6nheitschirurgie T\u00fcrkei: Angebote, Preisnachl\u00e4sse Interventionen","description":"Um einen pers\u00f6nlichen Kostenvoranschlag f\u00fcr Ihre Sch\u00f6nheitsoperation in der T\u00fcrkei zu erhalten, f\u00fcllen Sie bitte alle Felder des folgenden Formulars aus (Alle Ihre pers\u00f6nlichen Daten werden vertraulich behandelt). Der Kostenvoranschlag f\u00fcr die Sch\u00f6nheitschirurgie in der T\u00fcrkei ist kostenlos und unverbindlich.","robots":{"index":"index","follow":"follow","max-snippet":"max-snippet:-1","max-image-preview":"max-image-preview:large","max-video-preview":"max-video-preview:-1"},"canonical":"https:\/\/www.polycliniqueplus.com\/de\/kostenvoranschlag\/","og_locale":"de_DE","og_type":"article","og_title":"Kostenvoranschlag Tarife Sch\u00f6nheitschirurgie T\u00fcrkei: Angebote, Preisnachl\u00e4sse Interventionen","og_description":"Um einen pers\u00f6nlichen Kostenvoranschlag f\u00fcr Ihre Sch\u00f6nheitsoperation in der T\u00fcrkei zu erhalten, f\u00fcllen Sie bitte alle Felder des folgenden Formulars aus (Alle Ihre pers\u00f6nlichen Daten werden vertraulich behandelt). Der Kostenvoranschlag f\u00fcr die Sch\u00f6nheitschirurgie in der T\u00fcrkei ist kostenlos und unverbindlich.","og_url":"https:\/\/www.polycliniqueplus.com\/de\/kostenvoranschlag\/","og_site_name":"Chirurgie esthetique Turquie : Prix interventions meilleures cliniques Istanbul","article_publisher":"https:\/\/www.facebook.com\/polycliniqueplus","article_modified_time":"2025-02-12T13:16:45+00:00","og_image":[{"width":574,"height":586,"url":"https:\/\/www.polycliniqueplus.com\/wp-content\/uploads\/2021\/02\/interventions-de-chirurgie-plastique.jpg","type":"image\/jpeg"}],"twitter_card":"summary_large_image","twitter_site":"@polyclinique1","twitter_misc":{"Gesch\u00e4tzte Lesezeit":"1\u00a0Minute"},"schema":{"@context":"https:\/\/schema.org","@graph":[{"@type":"WebPage","@id":"https:\/\/www.polycliniqueplus.com\/de\/kostenvoranschlag\/","url":"https:\/\/www.polycliniqueplus.com\/de\/kostenvoranschlag\/","name":"Kostenvoranschlag Tarife Sch\u00f6nheitschirurgie T\u00fcrkei: Angebote, Preisnachl\u00e4sse Interventionen","isPartOf":{"@id":"https:\/\/www.polycliniqueplus.com\/de\/#website"},"datePublished":"2021-02-22T12:44:17+00:00","dateModified":"2025-02-12T13:16:45+00:00","description":"Um einen pers\u00f6nlichen Kostenvoranschlag f\u00fcr Ihre Sch\u00f6nheitsoperation in der T\u00fcrkei zu erhalten, f\u00fcllen Sie bitte alle Felder des folgenden Formulars aus (Alle Ihre pers\u00f6nlichen Daten werden vertraulich behandelt). Der Kostenvoranschlag f\u00fcr die Sch\u00f6nheitschirurgie in der T\u00fcrkei ist kostenlos und unverbindlich.","breadcrumb":{"@id":"https:\/\/www.polycliniqueplus.com\/de\/kostenvoranschlag\/#breadcrumb"},"inLanguage":"de","potentialAction":[{"@type":"ReadAction","target":["https:\/\/www.polycliniqueplus.com\/de\/kostenvoranschlag\/"]}]},{"@type":"BreadcrumbList","@id":"https:\/\/www.polycliniqueplus.com\/de\/kostenvoranschlag\/#breadcrumb","itemListElement":[{"@type":"ListItem","position":1,"name":"Accueil","item":"https:\/\/www.polycliniqueplus.com\/de\/"},{"@type":"ListItem","position":2,"name":"Kostenvoranschlag Sch\u00f6nheitschirurgie T\u00fcrkei"}]},{"@type":"WebSite","@id":"https:\/\/www.polycliniqueplus.com\/de\/#website","url":"https:\/\/www.polycliniqueplus.com\/de\/","name":"Chirurgie esthetique Turquie : Prix interventions meilleures cliniques Istanbul","description":"Chirurgie esthetique Turquie prix pas cher","publisher":{"@id":"https:\/\/www.polycliniqueplus.com\/de\/#organization"},"potentialAction":[{"@type":"SearchAction","target":{"@type":"EntryPoint","urlTemplate":"https:\/\/www.polycliniqueplus.com\/de\/?s={search_term_string}"},"query-input":{"@type":"PropertyValueSpecification","valueRequired":true,"valueName":"search_term_string"}}],"inLanguage":"de"},{"@type":"Organization","@id":"https:\/\/www.polycliniqueplus.com\/de\/#organization","name":"Polycliniqueplus chirurgie esthetique Turquie","url":"https:\/\/www.polycliniqueplus.com\/de\/","logo":{"@type":"ImageObject","inLanguage":"de","@id":"https:\/\/www.polycliniqueplus.com\/de\/#\/schema\/logo\/image\/","url":"https:\/\/www.polycliniqueplus.com\/wp-content\/uploads\/2021\/03\/cropped-add-box-fill.png","contentUrl":"https:\/\/www.polycliniqueplus.com\/wp-content\/uploads\/2021\/03\/cropped-add-box-fill.png","width":512,"height":512,"caption":"Polycliniqueplus chirurgie esthetique Turquie"},"image":{"@id":"https:\/\/www.polycliniqueplus.com\/de\/#\/schema\/logo\/image\/"},"sameAs":["https:\/\/www.facebook.com\/polycliniqueplus","https:\/\/x.com\/polyclinique1","https:\/\/www.youtube.com\/channel\/UCAnK3TORJqflIuYGFa-JQDw"]}]}},"_links":{"self":[{"href":"https:\/\/www.polycliniqueplus.com\/de\/wp-json\/wp\/v2\/pages\/12846","targetHints":{"allow":["GET"]}}],"collection":[{"href":"https:\/\/www.polycliniqueplus.com\/de\/wp-json\/wp\/v2\/pages"}],"about":[{"href":"https:\/\/www.polycliniqueplus.com\/de\/wp-json\/wp\/v2\/types\/page"}],"author":[{"embeddable":true,"href":"https:\/\/www.polycliniqueplus.com\/de\/wp-json\/wp\/v2\/users\/1"}],"replies":[{"embeddable":true,"href":"https:\/\/www.polycliniqueplus.com\/de\/wp-json\/wp\/v2\/comments?post=12846"}],"version-history":[{"count":25,"href":"https:\/\/www.polycliniqueplus.com\/de\/wp-json\/wp\/v2\/pages\/12846\/revisions"}],"predecessor-version":[{"id":28640,"href":"https:\/\/www.polycliniqueplus.com\/de\/wp-json\/wp\/v2\/pages\/12846\/revisions\/28640"}],"wp:attachment":[{"href":"https:\/\/www.polycliniqueplus.com\/de\/wp-json\/wp\/v2\/media?parent=12846"}],"curies":[{"name":"wp","href":"https:\/\/api.w.org\/{rel}","templated":true}]}}